{"id":12809,"date":"2020-11-13T02:24:36","date_gmt":"2020-11-13T02:24:36","guid":{"rendered":"https:\/\/eurotripas.es\/index.php\/lempresa\/"},"modified":"2026-02-24T11:58:32","modified_gmt":"2026-02-24T11:58:32","slug":"lempresa","status":"publish","type":"page","link":"https:\/\/eurotripas.es\/ca\/lempresa\/","title":{"rendered":"L&#8217;empresa"},"content":{"rendered":"\t\t<div data-elementor-type=\"wp-page\" data-elementor-id=\"12809\" class=\"elementor elementor-12809 elementor-3466\">\n\t\t\t\t\t\t<section class=\"elementor-section elementor-top-section elementor-element elementor-element-ccb4f2c elementor-section-boxed elementor-section-height-default elementor-section-height-default\" data-id=\"ccb4f2c\" data-element_type=\"section\">\n\t\t\t\t\t\t<div class=\"elementor-container elementor-column-gap-default\">\n\t\t\t\t\t<div class=\"elementor-column elementor-col-50 elementor-top-column elementor-element elementor-element-cc3d6a0\" data-id=\"cc3d6a0\" data-element_type=\"column\">\n\t\t\t<div class=\"elementor-widget-wrap elementor-element-populated\">\n\t\t\t\t\t\t<div class=\"elementor-element elementor-element-2c9da57 elementor-widget elementor-widget-heading\" data-id=\"2c9da57\" data-element_type=\"widget\" data-widget_type=\"heading.default\">\n\t\t\t\t<div class=\"elementor-widget-container\">\n\t\t\t<h1 class=\"elementor-heading-title elementor-size-default\">Hist\u00f2ria d'Eurotripas<\/h1>\t\t<\/div>\n\t\t\t\t<\/div>\n\t\t\t\t<div class=\"elementor-element elementor-element-c86b704 elementor-widget elementor-widget-text-editor\" data-id=\"c86b704\" data-element_type=\"widget\" data-widget_type=\"text-editor.default\">\n\t\t\t\t<div class=\"elementor-widget-container\">\n\t\t\t\t\t\t\t<p><b>Eurotripas<\/b><span style=\"font-weight: 400;\"> Eurotripas \u00e9s companyia dedicada a la producci\u00f3, processament i distribuci\u00f3 de naturals casings per a la producci\u00f3 de saussatges i derivatius. It beguen jeho activity na konci roku 2013, inheriting a goodwill managed by predecessor Framawick, s more than 50 years tradition in manufacture, surt and marketing  <\/span><b>natural natural casings de best natural origins de lamb, pork and beef.<\/b><\/p>\n<p><span style=\"font-weight: 400;\">Es<\/span> controla tota la producci\u00f3 de processes de l&#8217;origen de la c\u00e0sing, guanyant different stages processing per ordenar a la seva qualitat qualitat producte i constant control de la seva traceability<b>.<\/b><\/p>\n<p><span style=\"font-weight: 400;\">constant control de la seva traceability. Eurotripas va ser la primera empresa d&#8217;elaboraci\u00f3 de budell a obtenir la certificaci\u00f3 SAE <b><\/b><\/span><span style=\"font-weight: 400;\">, per exportar a tercers pa\u00efsos. Compromesos amb garantir que tots els nostres productes estan sota el compliment de les normes de legislaci\u00f3 sanit\u00e0ria vigent a la Uni\u00f3 Europea. S&#8217;ha implantat el   <\/span><b>sistema d&#8217;APPCC,<\/b><span style=\"font-weight: 400;\"> auditat i vigilat permanent pels serveis veterinaris oficials de la Generalitat de Catalunya. Emmarcats amb el nostre n\u00famero de registre Sanitari de nivell 1, <\/span><b>ES 10.23107\/B C.E.<\/b><\/p>\n<p><span style=\"font-weight: 400;\">Una empresa amb dilatada experi\u00e8ncia al sector nacional i internacional. Membres de l\u00b4Associaci\u00f3 Espanyola de Tripa Natural (AETRIN) i comunicacions constants de la Internacional Natural Sausage Casing Association (INSCA).<\/span><\/p>\n<p><span style=\"font-weight: 400;\">Eurotripas millora cada dia l&#8217;\u00e0mplia gamma dels seus productes de tots els calibres i formats per satisfer el client. Assegurar <\/span><b>qualitat, higiene, seguretat i preu<\/b><span style=\"font-weight: 400;\">.<\/span><\/p>\n\t\t\t\t\t\t<\/div>\n\t\t\t\t<\/div>\n\t\t\t\t\t<\/div>\n\t\t<\/div>\n\t\t\t\t<div class=\"elementor-column elementor-col-50 elementor-top-column elementor-element elementor-element-0985bfe\" data-id=\"0985bfe\" data-element_type=\"column\">\n\t\t\t<div class=\"elementor-widget-wrap elementor-element-populated\">\n\t\t\t\t\t\t<div class=\"elementor-element elementor-element-c41c357 elementor-widget elementor-widget-image\" data-id=\"c41c357\" data-element_type=\"widget\" data-widget_type=\"image.default\">\n\t\t\t\t<div class=\"elementor-widget-container\">\n\t\t\t\t\t\t\t\t\t\t\t\t\t<img fetchpriority=\"high\" decoding=\"async\" width=\"370\" height=\"555\" src=\"https:\/\/eurotripas.es\/wp-content\/uploads\/2023\/02\/empresa1.jpg\" class=\"attachment-full size-full wp-image-12530\" alt=\"\" srcset=\"https:\/\/eurotripas.es\/wp-content\/uploads\/2023\/02\/empresa1.jpg 370w, https:\/\/eurotripas.es\/wp-content\/uploads\/2023\/02\/empresa1-200x300.jpg 200w\" sizes=\"(max-width: 370px) 100vw, 370px\" \/>\t\t\t\t\t\t\t\t\t\t\t\t\t<\/div>\n\t\t\t\t<\/div>\n\t\t\t\t\t<\/div>\n\t\t<\/div>\n\t\t\t\t\t<\/div>\n\t\t<\/section>\n\t\t\t\t<section class=\"elementor-section elementor-top-section elementor-element elementor-element-693a9bf elementor-section-boxed elementor-section-height-default elementor-section-height-default\" data-id=\"693a9bf\" data-element_type=\"section\">\n\t\t\t\t\t\t<div class=\"elementor-container elementor-column-gap-default\">\n\t\t\t\t\t<div class=\"elementor-column elementor-col-100 elementor-top-column elementor-element elementor-element-b82f902\" data-id=\"b82f902\" data-element_type=\"column\">\n\t\t\t<div class=\"elementor-widget-wrap elementor-element-populated\">\n\t\t\t\t\t\t<div class=\"elementor-element elementor-element-526994e elementor-widget elementor-widget-image\" data-id=\"526994e\" data-element_type=\"widget\" data-widget_type=\"image.default\">\n\t\t\t\t<div class=\"elementor-widget-container\">\n\t\t\t\t\t\t\t\t\t\t\t\t\t<img decoding=\"async\" width=\"768\" height=\"1024\" src=\"https:\/\/eurotripas.es\/wp-content\/uploads\/2026\/02\/imagen-galpon-2-768x1024.jpeg\" class=\"attachment-large size-large wp-image-14557\" alt=\"\" srcset=\"https:\/\/eurotripas.es\/wp-content\/uploads\/2026\/02\/imagen-galpon-2-768x1024.jpeg 768w, https:\/\/eurotripas.es\/wp-content\/uploads\/2026\/02\/imagen-galpon-2-225x300.jpeg 225w, https:\/\/eurotripas.es\/wp-content\/uploads\/2026\/02\/imagen-galpon-2-1152x1536.jpeg 1152w, https:\/\/eurotripas.es\/wp-content\/uploads\/2026\/02\/imagen-galpon-2-1536x2048.jpeg 1536w, https:\/\/eurotripas.es\/wp-content\/uploads\/2026\/02\/imagen-galpon-2-scaled.jpeg 1920w\" sizes=\"(max-width: 768px) 100vw, 768px\" \/>\t\t\t\t\t\t\t\t\t\t\t\t\t<\/div>\n\t\t\t\t<\/div>\n\t\t\t\t<div class=\"elementor-element elementor-element-c364ce4 elementor-widget elementor-widget-text-editor\" data-id=\"c364ce4\" data-element_type=\"widget\" data-widget_type=\"text-editor.default\">\n\t\t\t\t<div class=\"elementor-widget-container\">\n\t\t\t\t\t\t\t<p><b>INSTAL\u00b7LACIONS<\/b><\/p>\n<p><span style=\"font-weight: 400;\">Ubicats a la<\/span> <b>plana de Vic<\/b>, <span style=\"font-weight: 400;\">comarca tradicionalment molt important al sector de l&#8217;alimentaci\u00f3 i de l&#8217;embotit.<\/span><\/p>\n<p><span style=\"font-weight: 400;\">Disposem de m\u00e9s de<\/span> <b>3.000 m2<\/b> <span style=\"font-weight: 400;\">destinats a l&#8217;emmagatzematge i la manipulaci\u00f3 de budells. Sales especials per a la manipulaci\u00f3 i el control de qualitat. Els nostres frigor\u00edfics estan optimitzats per als diferents tipus de budell i l&#8217;origen dels mateixos. Aix\u00f2 ens permet controlar i oferir tripa natural en les millors condicions per a la seva utilitzaci\u00f3 a les seves produccions.<\/span><\/p>\n\t\t\t\t\t\t<\/div>\n\t\t\t\t<\/div>\n\t\t\t\t<div class=\"elementor-element elementor-element-56f39cc elementor-widget elementor-widget-image\" data-id=\"56f39cc\" data-element_type=\"widget\" data-widget_type=\"image.default\">\n\t\t\t\t<div class=\"elementor-widget-container\">\n\t\t\t\t\t\t\t\t\t\t\t\t\t<img decoding=\"async\" width=\"768\" height=\"1024\" src=\"https:\/\/eurotripas.es\/wp-content\/uploads\/2026\/02\/imagen-galpon-1-768x1024.jpeg\" class=\"attachment-large size-large wp-image-14569\" alt=\"\" srcset=\"https:\/\/eurotripas.es\/wp-content\/uploads\/2026\/02\/imagen-galpon-1-768x1024.jpeg 768w, https:\/\/eurotripas.es\/wp-content\/uploads\/2026\/02\/imagen-galpon-1-225x300.jpeg 225w, https:\/\/eurotripas.es\/wp-content\/uploads\/2026\/02\/imagen-galpon-1.jpeg 960w\" sizes=\"(max-width: 768px) 100vw, 768px\" \/>\t\t\t\t\t\t\t\t\t\t\t\t\t<\/div>\n\t\t\t\t<\/div>\n\t\t\t\t\t<\/div>\n\t\t<\/div>\n\t\t\t\t\t<\/div>\n\t\t<\/section>\n\t\t\t\t<section class=\"elementor-section elementor-top-section elementor-element elementor-element-aab95c6 elementor-section-boxed elementor-section-height-default elementor-section-height-default\" data-id=\"aab95c6\" data-element_type=\"section\">\n\t\t\t\t\t\t<div class=\"elementor-container elementor-column-gap-default\">\n\t\t\t\t\t<div class=\"elementor-column elementor-col-100 elementor-top-column elementor-element elementor-element-dc32b67\" data-id=\"dc32b67\" data-element_type=\"column\">\n\t\t\t<div class=\"elementor-widget-wrap elementor-element-populated\">\n\t\t\t\t\t\t<div class=\"elementor-element elementor-element-b688098 elementor-widget elementor-widget-text-editor\" data-id=\"b688098\" data-element_type=\"widget\" data-widget_type=\"text-editor.default\">\n\t\t\t\t<div class=\"elementor-widget-container\">\n\t\t\t\t\t\t\t<h5 style=\"text-align: center;\"><span style=\"color: #000000;\"><strong>Trasllat i millora t\u00e8cnicosanit\u00e0ria de l&#8217;activitat de manipulaci\u00f3, distribuci\u00f3 i comercialitzaci\u00f3 de tripa natural de l&#8217;empresa Eurotripas, SL<\/strong><\/span><\/h5><p>Amb l\u2019ajuda del Programa de Desenvolupament Rural de Catalunya finan\u00e7at pel Departament d\u2019Agricultura, Ramaderia, Pesca i Alimentaci\u00f3, EUROTRIPAS, SL ha aconseguit \u00a0una modernitzaci\u00f3 de les seves instal\u00b7lacions i una millora tecnico-sanit\u00e0ria dels seus processo d\u2019acord a les noves normatives d\u2019exportaci\u00f3.<\/p>\t\t\t\t\t\t<\/div>\n\t\t\t\t<\/div>\n\t\t\t\t\t<\/div>\n\t\t<\/div>\n\t\t\t\t\t<\/div>\n\t\t<\/section>\n\t\t\t\t<section class=\"elementor-section elementor-top-section elementor-element elementor-element-4b21dd6 elementor-section-boxed elementor-section-height-default elementor-section-height-default\" data-id=\"4b21dd6\" data-element_type=\"section\">\n\t\t\t\t\t\t<div class=\"elementor-container elementor-column-gap-default\">\n\t\t\t\t\t<div class=\"elementor-column elementor-col-100 elementor-top-column elementor-element elementor-element-4a136b7\" data-id=\"4a136b7\" data-element_type=\"column\">\n\t\t\t<div class=\"elementor-widget-wrap elementor-element-populated\">\n\t\t\t\t\t\t<div class=\"elementor-element elementor-element-e496191 elementor-widget elementor-widget-image\" data-id=\"e496191\" data-element_type=\"widget\" data-widget_type=\"image.default\">\n\t\t\t\t<div class=\"elementor-widget-container\">\n\t\t\t\t\t\t\t\t\t\t\t\t\t<img loading=\"lazy\" decoding=\"async\" width=\"536\" height=\"347\" src=\"https:\/\/eurotripas.es\/wp-content\/uploads\/2025\/09\/generalitat.png\" class=\"attachment-large size-large wp-image-14531\" alt=\"\" srcset=\"https:\/\/eurotripas.es\/wp-content\/uploads\/2025\/09\/generalitat.png 536w, https:\/\/eurotripas.es\/wp-content\/uploads\/2025\/09\/generalitat-300x194.png 300w\" sizes=\"(max-width: 536px) 100vw, 536px\" \/>\t\t\t\t\t\t\t\t\t\t\t\t\t<\/div>\n\t\t\t\t<\/div>\n\t\t\t\t\t<\/div>\n\t\t<\/div>\n\t\t\t\t\t<\/div>\n\t\t<\/section>\n\t\t\t\t<\/div>\n\t\t","protected":false},"excerpt":{"rendered":"<p>Hist\u00f2ria d&#8217;Eurotripas Eurotripas Eurotripas \u00e9s companyia dedicada a la producci\u00f3, processament i distribuci\u00f3 de naturals casings per a la producci\u00f3 de saussatges i derivatius. It beguen jeho activity na konci roku 2013, inheriting a goodwill managed by predecessor Framawick, s more than 50 years tradition in manufacture, surt and marketing natural natural casings de best [&hellip;]<\/p>\n","protected":false},"author":1,"featured_media":0,"parent":0,"menu_order":0,"comment_status":"closed","ping_status":"closed","template":"template-home.php","meta":{"footnotes":""},"class_list":["post-12809","page","type-page","status-publish","hentry"],"yoast_head":"<!-- This site is optimized with the Yoast SEO plugin v23.7 - https:\/\/yoast.com\/wordpress\/plugins\/seo\/ -->\n<title>Fabricaci\u00f3 de Tripes: Art a Embotits<\/title>\n<meta name=\"description\" content=\"Especialistes en elaborar budells naturals per a embotits. Qualitat i tradici\u00f3 a cada pas!&quot;\" \/>\n<meta name=\"robots\" content=\"index, follow, max-snippet:-1, max-image-preview:large, max-video-preview:-1\" \/>\n<link rel=\"canonical\" href=\"https:\/\/eurotripas.es\/es\/empresa\/\" \/>\n<meta property=\"og:locale\" content=\"ca_ES\" \/>\n<meta property=\"og:type\" content=\"article\" \/>\n<meta property=\"og:title\" content=\"Fabricaci\u00f3 de Tripes: Art a Embotits\" \/>\n<meta property=\"og:description\" content=\"Especialistes en elaborar budells naturals per a embotits. Qualitat i tradici\u00f3 a cada pas!&quot;\" \/>\n<meta property=\"og:url\" content=\"https:\/\/eurotripas.es\/es\/empresa\/\" \/>\n<meta property=\"og:site_name\" content=\"Eurotripas\" \/>\n<meta property=\"article:modified_time\" content=\"2026-02-24T11:58:32+00:00\" \/>\n<meta property=\"og:image\" content=\"https:\/\/eurotripas.es\/wp-content\/uploads\/2023\/02\/empresa1.jpg\" \/>\n\t<meta property=\"og:image:width\" content=\"370\" \/>\n\t<meta property=\"og:image:height\" content=\"555\" \/>\n\t<meta property=\"og:image:type\" content=\"image\/jpeg\" \/>\n<meta name=\"twitter:card\" content=\"summary_large_image\" \/>\n<meta name=\"twitter:label1\" content=\"Temps estimat de lectura\" \/>\n\t<meta name=\"twitter:data1\" content=\"3 minuts\" \/>\n<script type=\"application\/ld+json\" class=\"yoast-schema-graph\">{\"@context\":\"https:\/\/schema.org\",\"@graph\":[{\"@type\":\"WebPage\",\"@id\":\"https:\/\/eurotripas.es\/es\/empresa\/\",\"url\":\"https:\/\/eurotripas.es\/es\/empresa\/\",\"name\":\"Fabricaci\u00f3 de Tripes: Art a Embotits\",\"isPartOf\":{\"@id\":\"https:\/\/eurotripas.es\/es\/#website\"},\"primaryImageOfPage\":{\"@id\":\"https:\/\/eurotripas.es\/es\/empresa\/#primaryimage\"},\"image\":{\"@id\":\"https:\/\/eurotripas.es\/es\/empresa\/#primaryimage\"},\"thumbnailUrl\":\"https:\/\/eurotripas.es\/wp-content\/uploads\/2023\/02\/empresa1.jpg\",\"datePublished\":\"2020-11-13T02:24:36+00:00\",\"dateModified\":\"2026-02-24T11:58:32+00:00\",\"description\":\"Especialistes en elaborar budells naturals per a embotits. Qualitat i tradici\u00f3 a cada pas!\\\"\",\"breadcrumb\":{\"@id\":\"https:\/\/eurotripas.es\/es\/empresa\/#breadcrumb\"},\"inLanguage\":\"ca\",\"potentialAction\":[{\"@type\":\"ReadAction\",\"target\":[\"https:\/\/eurotripas.es\/es\/empresa\/\"]}]},{\"@type\":\"ImageObject\",\"inLanguage\":\"ca\",\"@id\":\"https:\/\/eurotripas.es\/es\/empresa\/#primaryimage\",\"url\":\"https:\/\/eurotripas.es\/wp-content\/uploads\/2023\/02\/empresa1.jpg\",\"contentUrl\":\"https:\/\/eurotripas.es\/wp-content\/uploads\/2023\/02\/empresa1.jpg\"},{\"@type\":\"BreadcrumbList\",\"@id\":\"https:\/\/eurotripas.es\/es\/empresa\/#breadcrumb\",\"itemListElement\":[{\"@type\":\"ListItem\",\"position\":1,\"name\":\"Portada\",\"item\":\"https:\/\/eurotripas.es\/fr\/\"},{\"@type\":\"ListItem\",\"position\":2,\"name\":\"L&#8217;empresa\"}]},{\"@type\":\"WebSite\",\"@id\":\"https:\/\/eurotripas.es\/es\/#website\",\"url\":\"https:\/\/eurotripas.es\/es\/\",\"name\":\"Eurotripas\",\"description\":\"Calidad y experiencia\",\"publisher\":{\"@id\":\"https:\/\/eurotripas.es\/es\/#organization\"},\"potentialAction\":[{\"@type\":\"SearchAction\",\"target\":{\"@type\":\"EntryPoint\",\"urlTemplate\":\"https:\/\/eurotripas.es\/es\/?s={search_term_string}\"},\"query-input\":{\"@type\":\"PropertyValueSpecification\",\"valueRequired\":true,\"valueName\":\"search_term_string\"}}],\"inLanguage\":\"ca\"},{\"@type\":\"Organization\",\"@id\":\"https:\/\/eurotripas.es\/es\/#organization\",\"name\":\"Eurotripas\",\"url\":\"https:\/\/eurotripas.es\/es\/\",\"logo\":{\"@type\":\"ImageObject\",\"inLanguage\":\"ca\",\"@id\":\"https:\/\/eurotripas.es\/es\/#\/schema\/logo\/image\/\",\"url\":\"https:\/\/eurotripas.es\/wp-content\/uploads\/2023\/02\/LOGO-Eurotripas-png.png\",\"contentUrl\":\"https:\/\/eurotripas.es\/wp-content\/uploads\/2023\/02\/LOGO-Eurotripas-png.png\",\"width\":540,\"height\":266,\"caption\":\"Eurotripas\"},\"image\":{\"@id\":\"https:\/\/eurotripas.es\/es\/#\/schema\/logo\/image\/\"}}]}<\/script>\n<!-- \/ Yoast SEO plugin. -->","yoast_head_json":{"title":"Fabricaci\u00f3 de Tripes: Art a Embotits","description":"Especialistes en elaborar budells naturals per a embotits. Qualitat i tradici\u00f3 a cada pas!\"","robots":{"index":"index","follow":"follow","max-snippet":"max-snippet:-1","max-image-preview":"max-image-preview:large","max-video-preview":"max-video-preview:-1"},"canonical":"https:\/\/eurotripas.es\/es\/empresa\/","og_locale":"ca_ES","og_type":"article","og_title":"Fabricaci\u00f3 de Tripes: Art a Embotits","og_description":"Especialistes en elaborar budells naturals per a embotits. Qualitat i tradici\u00f3 a cada pas!\"","og_url":"https:\/\/eurotripas.es\/es\/empresa\/","og_site_name":"Eurotripas","article_modified_time":"2026-02-24T11:58:32+00:00","og_image":[{"width":370,"height":555,"url":"https:\/\/eurotripas.es\/wp-content\/uploads\/2023\/02\/empresa1.jpg","type":"image\/jpeg"}],"twitter_card":"summary_large_image","twitter_misc":{"Temps estimat de lectura":"3 minuts"},"schema":{"@context":"https:\/\/schema.org","@graph":[{"@type":"WebPage","@id":"https:\/\/eurotripas.es\/es\/empresa\/","url":"https:\/\/eurotripas.es\/es\/empresa\/","name":"Fabricaci\u00f3 de Tripes: Art a Embotits","isPartOf":{"@id":"https:\/\/eurotripas.es\/es\/#website"},"primaryImageOfPage":{"@id":"https:\/\/eurotripas.es\/es\/empresa\/#primaryimage"},"image":{"@id":"https:\/\/eurotripas.es\/es\/empresa\/#primaryimage"},"thumbnailUrl":"https:\/\/eurotripas.es\/wp-content\/uploads\/2023\/02\/empresa1.jpg","datePublished":"2020-11-13T02:24:36+00:00","dateModified":"2026-02-24T11:58:32+00:00","description":"Especialistes en elaborar budells naturals per a embotits. Qualitat i tradici\u00f3 a cada pas!\"","breadcrumb":{"@id":"https:\/\/eurotripas.es\/es\/empresa\/#breadcrumb"},"inLanguage":"ca","potentialAction":[{"@type":"ReadAction","target":["https:\/\/eurotripas.es\/es\/empresa\/"]}]},{"@type":"ImageObject","inLanguage":"ca","@id":"https:\/\/eurotripas.es\/es\/empresa\/#primaryimage","url":"https:\/\/eurotripas.es\/wp-content\/uploads\/2023\/02\/empresa1.jpg","contentUrl":"https:\/\/eurotripas.es\/wp-content\/uploads\/2023\/02\/empresa1.jpg"},{"@type":"BreadcrumbList","@id":"https:\/\/eurotripas.es\/es\/empresa\/#breadcrumb","itemListElement":[{"@type":"ListItem","position":1,"name":"Portada","item":"https:\/\/eurotripas.es\/fr\/"},{"@type":"ListItem","position":2,"name":"L&#8217;empresa"}]},{"@type":"WebSite","@id":"https:\/\/eurotripas.es\/es\/#website","url":"https:\/\/eurotripas.es\/es\/","name":"Eurotripas","description":"Calidad y experiencia","publisher":{"@id":"https:\/\/eurotripas.es\/es\/#organization"},"potentialAction":[{"@type":"SearchAction","target":{"@type":"EntryPoint","urlTemplate":"https:\/\/eurotripas.es\/es\/?s={search_term_string}"},"query-input":{"@type":"PropertyValueSpecification","valueRequired":true,"valueName":"search_term_string"}}],"inLanguage":"ca"},{"@type":"Organization","@id":"https:\/\/eurotripas.es\/es\/#organization","name":"Eurotripas","url":"https:\/\/eurotripas.es\/es\/","logo":{"@type":"ImageObject","inLanguage":"ca","@id":"https:\/\/eurotripas.es\/es\/#\/schema\/logo\/image\/","url":"https:\/\/eurotripas.es\/wp-content\/uploads\/2023\/02\/LOGO-Eurotripas-png.png","contentUrl":"https:\/\/eurotripas.es\/wp-content\/uploads\/2023\/02\/LOGO-Eurotripas-png.png","width":540,"height":266,"caption":"Eurotripas"},"image":{"@id":"https:\/\/eurotripas.es\/es\/#\/schema\/logo\/image\/"}}]}},"_links":{"self":[{"href":"https:\/\/eurotripas.es\/ca\/wp-json\/wp\/v2\/pages\/12809","targetHints":{"allow":["GET"]}}],"collection":[{"href":"https:\/\/eurotripas.es\/ca\/wp-json\/wp\/v2\/pages"}],"about":[{"href":"https:\/\/eurotripas.es\/ca\/wp-json\/wp\/v2\/types\/page"}],"author":[{"embeddable":true,"href":"https:\/\/eurotripas.es\/ca\/wp-json\/wp\/v2\/users\/1"}],"replies":[{"embeddable":true,"href":"https:\/\/eurotripas.es\/ca\/wp-json\/wp\/v2\/comments?post=12809"}],"version-history":[{"count":13,"href":"https:\/\/eurotripas.es\/ca\/wp-json\/wp\/v2\/pages\/12809\/revisions"}],"predecessor-version":[{"id":14581,"href":"https:\/\/eurotripas.es\/ca\/wp-json\/wp\/v2\/pages\/12809\/revisions\/14581"}],"wp:attachment":[{"href":"https:\/\/eurotripas.es\/ca\/wp-json\/wp\/v2\/media?parent=12809"}],"curies":[{"name":"wp","href":"https:\/\/api.w.org\/{rel}","templated":true}]}}