{"id":3466,"date":"2020-11-13T02:24:36","date_gmt":"2020-11-13T02:24:36","guid":{"rendered":"http:\/\/localhost\/hackery\/?page_id=3466"},"modified":"2026-02-24T11:58:10","modified_gmt":"2026-02-24T11:58:10","slug":"empresa","status":"publish","type":"page","link":"https:\/\/eurotripas.es\/es\/empresa\/","title":{"rendered":"Empresa"},"content":{"rendered":"\t\t<div data-elementor-type=\"wp-page\" data-elementor-id=\"3466\" class=\"elementor elementor-3466\">\n\t\t\t\t\t\t<section class=\"elementor-section elementor-top-section elementor-element elementor-element-ccb4f2c elementor-section-boxed elementor-section-height-default elementor-section-height-default\" data-id=\"ccb4f2c\" data-element_type=\"section\">\n\t\t\t\t\t\t<div class=\"elementor-container elementor-column-gap-default\">\n\t\t\t\t\t<div class=\"elementor-column elementor-col-50 elementor-top-column elementor-element elementor-element-cc3d6a0\" data-id=\"cc3d6a0\" data-element_type=\"column\">\n\t\t\t<div class=\"elementor-widget-wrap elementor-element-populated\">\n\t\t\t\t\t\t<div class=\"elementor-element elementor-element-9e7143c elementor-widget elementor-widget-heading\" data-id=\"9e7143c\" data-element_type=\"widget\" data-widget_type=\"heading.default\">\n\t\t\t\t<div class=\"elementor-widget-container\">\n\t\t\t<h1 class=\"elementor-heading-title elementor-size-default\">Historia de Eurotripas<\/h1>\t\t<\/div>\n\t\t\t\t<\/div>\n\t\t\t\t<div class=\"elementor-element elementor-element-c86b704 elementor-widget elementor-widget-text-editor\" data-id=\"c86b704\" data-element_type=\"widget\" data-widget_type=\"text-editor.default\">\n\t\t\t\t<div class=\"elementor-widget-container\">\n\t\t\t\t\t\t\t<p><b>Eurotripas<\/b><span style=\"font-weight: 400;\"> es una empresa dedicada a la producci\u00f3n, elaboraci\u00f3n y comercializaci\u00f3n de tripas naturales para\u00a0 la producci\u00f3n de Embutidos y derivados. Comienza su actividad a \ufb01nal del a\u00f1o 2013,\u00a0 hereda un fondo de comercio gestionado por la\u00a0 antecesora Framawick, con m\u00e1s de 50 a\u00f1os\u00a0 de tradici\u00f3n en la fabricaci\u00f3n, venta y distribuci\u00f3n de <\/span><b>tripa natural de los mejores or\u00edgenes naturales de cordero, cerdo y bovino.<\/b><\/p><p><span style=\"font-weight: 400;\">Controlamos todos los procesos de producci\u00f3n desde\u00a0 el origen de la tripa, pasando por las diferentes\u00a0 etapas de procesamiento con el fin de conseguir un\u00a0 producto de <\/span><b>alta calidad y con un constante control de\u00a0 trazabilidad de la misma.<\/b><\/p><p><span style=\"font-weight: 400;\">Eurotripas fue la primera empresa de elaboraci\u00f3n de tripa en obtener la <\/span><b>certificaci\u00f3n SAE<\/b><span style=\"font-weight: 400;\">, para exportar a terceros pa\u00edses. Comprometidos con garantizar que todo nuestros productos est\u00e1n bajo el cumplimiento de las normas de legislaci\u00f3n sanitaria vigente en la Uni\u00f3n Europea. Se ha implantado el <\/span><b>sistema de APPCC,<\/b><span style=\"font-weight: 400;\"> auditado y vigilado permanente por los Servicios Veterinarios Oficiales de la Generalitat de Catalu\u00f1a. Enmarcados con nuestro n\u00famero de registro Sanitario de nivel 1, <\/span><b>ES 10.23107\/B C.E.<\/b><\/p><p><span style=\"font-weight: 400;\">Una empresa con dilatada experiencia en el sector nacional e internacional. Miembros de la Asociaci\u00f3n Espa\u00f1ola de Tripa Natural (AETRIN)\u00a0 y comunicaciones constantes\u00a0 de la Internacional Natural Sausage Casing Association (INSCA).<\/span><\/p><p><span style=\"font-weight: 400;\">Eurotripas mejora\u00a0 cada d\u00eda la\u00a0 amplia gama de sus productos de todos los calibres y formatos para satisfacer al cliente. Asegurando\u00a0 <\/span><b>calidad, higiene, seguridad y precio<\/b><span style=\"font-weight: 400;\">.<\/span><\/p>\t\t\t\t\t\t<\/div>\n\t\t\t\t<\/div>\n\t\t\t\t\t<\/div>\n\t\t<\/div>\n\t\t\t\t<div class=\"elementor-column elementor-col-50 elementor-top-column elementor-element elementor-element-0985bfe\" data-id=\"0985bfe\" data-element_type=\"column\">\n\t\t\t<div class=\"elementor-widget-wrap elementor-element-populated\">\n\t\t\t\t\t\t<div class=\"elementor-element elementor-element-c41c357 elementor-widget elementor-widget-image\" data-id=\"c41c357\" data-element_type=\"widget\" data-widget_type=\"image.default\">\n\t\t\t\t<div class=\"elementor-widget-container\">\n\t\t\t\t\t\t\t\t\t\t\t\t\t<img fetchpriority=\"high\" decoding=\"async\" width=\"370\" height=\"555\" src=\"https:\/\/eurotripas.es\/wp-content\/uploads\/2023\/02\/empresa1.jpg\" class=\"attachment-full size-full wp-image-12530\" alt=\"\" srcset=\"https:\/\/eurotripas.es\/wp-content\/uploads\/2023\/02\/empresa1.jpg 370w, https:\/\/eurotripas.es\/wp-content\/uploads\/2023\/02\/empresa1-200x300.jpg 200w\" sizes=\"(max-width: 370px) 100vw, 370px\" \/>\t\t\t\t\t\t\t\t\t\t\t\t\t<\/div>\n\t\t\t\t<\/div>\n\t\t\t\t\t<\/div>\n\t\t<\/div>\n\t\t\t\t\t<\/div>\n\t\t<\/section>\n\t\t\t\t<section class=\"elementor-section elementor-top-section elementor-element elementor-element-693a9bf elementor-section-boxed elementor-section-height-default elementor-section-height-default\" data-id=\"693a9bf\" data-element_type=\"section\">\n\t\t\t\t\t\t<div class=\"elementor-container elementor-column-gap-default\">\n\t\t\t\t\t<div class=\"elementor-column elementor-col-100 elementor-top-column elementor-element elementor-element-b82f902\" data-id=\"b82f902\" data-element_type=\"column\">\n\t\t\t<div class=\"elementor-widget-wrap elementor-element-populated\">\n\t\t\t\t\t\t<div class=\"elementor-element elementor-element-526994e elementor-widget elementor-widget-image\" data-id=\"526994e\" data-element_type=\"widget\" data-widget_type=\"image.default\">\n\t\t\t\t<div class=\"elementor-widget-container\">\n\t\t\t\t\t\t\t\t\t\t\t\t\t<img decoding=\"async\" width=\"768\" height=\"1024\" src=\"https:\/\/eurotripas.es\/wp-content\/uploads\/2026\/02\/imagen-galpon-2-768x1024.jpeg\" class=\"attachment-large size-large wp-image-14559\" alt=\"\" srcset=\"https:\/\/eurotripas.es\/wp-content\/uploads\/2026\/02\/imagen-galpon-2-768x1024.jpeg 768w, https:\/\/eurotripas.es\/wp-content\/uploads\/2026\/02\/imagen-galpon-2-225x300.jpeg 225w, https:\/\/eurotripas.es\/wp-content\/uploads\/2026\/02\/imagen-galpon-2-1152x1536.jpeg 1152w, https:\/\/eurotripas.es\/wp-content\/uploads\/2026\/02\/imagen-galpon-2-1536x2048.jpeg 1536w, https:\/\/eurotripas.es\/wp-content\/uploads\/2026\/02\/imagen-galpon-2-scaled.jpeg 1920w\" sizes=\"(max-width: 768px) 100vw, 768px\" \/>\t\t\t\t\t\t\t\t\t\t\t\t\t<\/div>\n\t\t\t\t<\/div>\n\t\t\t\t<div class=\"elementor-element elementor-element-c364ce4 elementor-widget elementor-widget-text-editor\" data-id=\"c364ce4\" data-element_type=\"widget\" data-widget_type=\"text-editor.default\">\n\t\t\t\t<div class=\"elementor-widget-container\">\n\t\t\t\t\t\t\t<p><b>INSTALACIONES<\/b><\/p><p><span style=\"font-weight: 400;\">Ubicados en la <\/span><b>plana de Vic<\/b><span style=\"font-weight: 400;\">, comarca tradicionalmente muy importante en el sector de la alimentaci\u00f3n y del embutido.<\/span><\/p><p><span style=\"font-weight: 400;\">Disponemos de m\u00e1s de <\/span><b>3.000 m2 <\/b><span style=\"font-weight: 400;\">destinados al almacenaje\u00a0 y manipulaci\u00f3n de tripas. Salas especiales para su manipulaci\u00f3n y control de calidad. Nuestros frigor\u00edficos est\u00e1n optimizados para los diferentes tipos de tripa y el origen de los mismos. Lo que nos permite controlar y\u00a0 ofrecer tripa natural en las mejores condiciones para su utilizaci\u00f3n en sus producciones.<\/span><\/p>\t\t\t\t\t\t<\/div>\n\t\t\t\t<\/div>\n\t\t\t\t\t<\/div>\n\t\t<\/div>\n\t\t\t\t\t<\/div>\n\t\t<\/section>\n\t\t\t\t<section class=\"elementor-section elementor-top-section elementor-element elementor-element-82ab10d elementor-section-boxed elementor-section-height-default elementor-section-height-default\" data-id=\"82ab10d\" data-element_type=\"section\">\n\t\t\t\t\t\t<div class=\"elementor-container elementor-column-gap-default\">\n\t\t\t\t\t<div class=\"elementor-column elementor-col-100 elementor-top-column elementor-element elementor-element-699d10e\" data-id=\"699d10e\" data-element_type=\"column\">\n\t\t\t<div class=\"elementor-widget-wrap elementor-element-populated\">\n\t\t\t\t\t\t<div class=\"elementor-element elementor-element-e09a102 elementor-widget elementor-widget-text-editor\" data-id=\"e09a102\" data-element_type=\"widget\" data-widget_type=\"text-editor.default\">\n\t\t\t\t<div class=\"elementor-widget-container\">\n\t\t\t\t\t\t\t<h4 style=\"text-align: center;\"><span style=\"color: #000000;\"><strong>Traslado y mejora t\u00e9cnico-sanitaria de la actividad de manipulaci\u00f3n, distribuci\u00f3n y comercializaci\u00f3n de tripa natural de la empresa Eurotripas, SL<\/strong><\/span><\/h4><p>Con la ayuda del Programa de Desarrollo Rural de Catalu\u00f1a financiado por el Departamento de Agricultura, Ganader\u00eda, Pesca y Alimentaci\u00f3n, EUROTRIPAS, SL ha logrado una modernizaci\u00f3n de sus instalaciones y una mejora t\u00e9cnico-sanitaria de sus procesos de acuerdo a las nuevas normativas de exportaci\u00f3n.<\/p>\t\t\t\t\t\t<\/div>\n\t\t\t\t<\/div>\n\t\t\t\t\t<\/div>\n\t\t<\/div>\n\t\t\t\t\t<\/div>\n\t\t<\/section>\n\t\t\t\t<section class=\"elementor-section elementor-top-section elementor-element elementor-element-b7b728e elementor-section-boxed elementor-section-height-default elementor-section-height-default\" data-id=\"b7b728e\" data-element_type=\"section\">\n\t\t\t\t\t\t<div class=\"elementor-container elementor-column-gap-default\">\n\t\t\t\t\t<div class=\"elementor-column elementor-col-100 elementor-top-column elementor-element elementor-element-62d29fc\" data-id=\"62d29fc\" data-element_type=\"column\">\n\t\t\t<div class=\"elementor-widget-wrap elementor-element-populated\">\n\t\t\t\t\t\t<div class=\"elementor-element elementor-element-47797ee elementor-widget elementor-widget-image\" data-id=\"47797ee\" data-element_type=\"widget\" data-widget_type=\"image.default\">\n\t\t\t\t<div class=\"elementor-widget-container\">\n\t\t\t\t\t\t\t\t\t\t\t\t\t<img decoding=\"async\" width=\"536\" height=\"347\" src=\"https:\/\/eurotripas.es\/wp-content\/uploads\/2025\/09\/generalitat.png\" class=\"attachment-large size-large wp-image-14530\" alt=\"\" srcset=\"https:\/\/eurotripas.es\/wp-content\/uploads\/2025\/09\/generalitat.png 536w, https:\/\/eurotripas.es\/wp-content\/uploads\/2025\/09\/generalitat-300x194.png 300w\" sizes=\"(max-width: 536px) 100vw, 536px\" \/>\t\t\t\t\t\t\t\t\t\t\t\t\t<\/div>\n\t\t\t\t<\/div>\n\t\t\t\t<div class=\"elementor-element elementor-element-56f39cc elementor-widget elementor-widget-image\" data-id=\"56f39cc\" data-element_type=\"widget\" data-widget_type=\"image.default\">\n\t\t\t\t<div class=\"elementor-widget-container\">\n\t\t\t\t\t\t\t\t\t\t\t\t\t<img loading=\"lazy\" decoding=\"async\" width=\"768\" height=\"1024\" src=\"https:\/\/eurotripas.es\/wp-content\/uploads\/2026\/02\/imagen-galpon-1-768x1024.jpeg\" class=\"attachment-large size-large wp-image-14571\" alt=\"\" srcset=\"https:\/\/eurotripas.es\/wp-content\/uploads\/2026\/02\/imagen-galpon-1-768x1024.jpeg 768w, https:\/\/eurotripas.es\/wp-content\/uploads\/2026\/02\/imagen-galpon-1-225x300.jpeg 225w, https:\/\/eurotripas.es\/wp-content\/uploads\/2026\/02\/imagen-galpon-1.jpeg 960w\" sizes=\"(max-width: 768px) 100vw, 768px\" \/>\t\t\t\t\t\t\t\t\t\t\t\t\t<\/div>\n\t\t\t\t<\/div>\n\t\t\t\t\t<\/div>\n\t\t<\/div>\n\t\t\t\t\t<\/div>\n\t\t<\/section>\n\t\t\t\t<\/div>\n\t\t","protected":false},"excerpt":{"rendered":"<p>Historia de Eurotripas Eurotripas es una empresa dedicada a la producci\u00f3n, elaboraci\u00f3n y comercializaci\u00f3n de tripas naturales para\u00a0 la producci\u00f3n de Embutidos y derivados. Comienza su actividad a \ufb01nal del a\u00f1o 2013,\u00a0 hereda un fondo de comercio gestionado por la\u00a0 antecesora Framawick, con m\u00e1s de 50 a\u00f1os\u00a0 de tradici\u00f3n en la fabricaci\u00f3n, venta y distribuci\u00f3n [&hellip;]<\/p>\n","protected":false},"author":1,"featured_media":0,"parent":0,"menu_order":0,"comment_status":"closed","ping_status":"closed","template":"template-home.php","meta":{"footnotes":""},"class_list":["post-3466","page","type-page","status-publish","hentry"],"yoast_head":"<!-- This site is optimized with the Yoast SEO plugin v23.7 - https:\/\/yoast.com\/wordpress\/plugins\/seo\/ -->\n<title>Fabricaci\u00f3n de Tripas: Arte en Embutidos<\/title>\n<meta name=\"description\" content=\"Especialistas en elaborar tripas naturales para embutidos. \u00a1Calidad y tradici\u00f3n en cada paso!&quot;\" \/>\n<meta name=\"robots\" content=\"index, follow, max-snippet:-1, max-image-preview:large, max-video-preview:-1\" \/>\n<link rel=\"canonical\" href=\"https:\/\/eurotripas.es\/es\/empresa\/\" \/>\n<meta property=\"og:locale\" content=\"es_ES\" \/>\n<meta property=\"og:type\" content=\"article\" \/>\n<meta property=\"og:title\" content=\"Fabricaci\u00f3n de Tripas: Arte en Embutidos\" \/>\n<meta property=\"og:description\" content=\"Especialistas en elaborar tripas naturales para embutidos. \u00a1Calidad y tradici\u00f3n en cada paso!&quot;\" \/>\n<meta property=\"og:url\" content=\"https:\/\/eurotripas.es\/es\/empresa\/\" \/>\n<meta property=\"og:site_name\" content=\"Eurotripas\" \/>\n<meta property=\"article:modified_time\" content=\"2026-02-24T11:58:10+00:00\" \/>\n<meta property=\"og:image\" content=\"https:\/\/eurotripas.es\/wp-content\/uploads\/2023\/02\/empresa1.jpg\" \/>\n\t<meta property=\"og:image:width\" content=\"370\" \/>\n\t<meta property=\"og:image:height\" content=\"555\" \/>\n\t<meta property=\"og:image:type\" content=\"image\/jpeg\" \/>\n<meta name=\"twitter:card\" content=\"summary_large_image\" \/>\n<meta name=\"twitter:label1\" content=\"Tiempo de lectura\" \/>\n\t<meta name=\"twitter:data1\" content=\"3 minutos\" \/>\n<script type=\"application\/ld+json\" class=\"yoast-schema-graph\">{\"@context\":\"https:\/\/schema.org\",\"@graph\":[{\"@type\":\"WebPage\",\"@id\":\"https:\/\/eurotripas.es\/es\/empresa\/\",\"url\":\"https:\/\/eurotripas.es\/es\/empresa\/\",\"name\":\"Fabricaci\u00f3n de Tripas: Arte en Embutidos\",\"isPartOf\":{\"@id\":\"https:\/\/eurotripas.es\/es\/#website\"},\"primaryImageOfPage\":{\"@id\":\"https:\/\/eurotripas.es\/es\/empresa\/#primaryimage\"},\"image\":{\"@id\":\"https:\/\/eurotripas.es\/es\/empresa\/#primaryimage\"},\"thumbnailUrl\":\"https:\/\/eurotripas.es\/wp-content\/uploads\/2023\/02\/empresa1.jpg\",\"datePublished\":\"2020-11-13T02:24:36+00:00\",\"dateModified\":\"2026-02-24T11:58:10+00:00\",\"description\":\"Especialistas en elaborar tripas naturales para embutidos. \u00a1Calidad y tradici\u00f3n en cada paso!\\\"\",\"breadcrumb\":{\"@id\":\"https:\/\/eurotripas.es\/es\/empresa\/#breadcrumb\"},\"inLanguage\":\"es\",\"potentialAction\":[{\"@type\":\"ReadAction\",\"target\":[\"https:\/\/eurotripas.es\/es\/empresa\/\"]}]},{\"@type\":\"ImageObject\",\"inLanguage\":\"es\",\"@id\":\"https:\/\/eurotripas.es\/es\/empresa\/#primaryimage\",\"url\":\"https:\/\/eurotripas.es\/wp-content\/uploads\/2023\/02\/empresa1.jpg\",\"contentUrl\":\"https:\/\/eurotripas.es\/wp-content\/uploads\/2023\/02\/empresa1.jpg\"},{\"@type\":\"BreadcrumbList\",\"@id\":\"https:\/\/eurotripas.es\/es\/empresa\/#breadcrumb\",\"itemListElement\":[{\"@type\":\"ListItem\",\"position\":1,\"name\":\"Portada\",\"item\":\"https:\/\/eurotripas.es\/fr\/\"},{\"@type\":\"ListItem\",\"position\":2,\"name\":\"Empresa\"}]},{\"@type\":\"WebSite\",\"@id\":\"https:\/\/eurotripas.es\/es\/#website\",\"url\":\"https:\/\/eurotripas.es\/es\/\",\"name\":\"Eurotripas\",\"description\":\"Calidad y experiencia\",\"publisher\":{\"@id\":\"https:\/\/eurotripas.es\/es\/#organization\"},\"potentialAction\":[{\"@type\":\"SearchAction\",\"target\":{\"@type\":\"EntryPoint\",\"urlTemplate\":\"https:\/\/eurotripas.es\/es\/?s={search_term_string}\"},\"query-input\":{\"@type\":\"PropertyValueSpecification\",\"valueRequired\":true,\"valueName\":\"search_term_string\"}}],\"inLanguage\":\"es\"},{\"@type\":\"Organization\",\"@id\":\"https:\/\/eurotripas.es\/es\/#organization\",\"name\":\"Eurotripas\",\"url\":\"https:\/\/eurotripas.es\/es\/\",\"logo\":{\"@type\":\"ImageObject\",\"inLanguage\":\"es\",\"@id\":\"https:\/\/eurotripas.es\/es\/#\/schema\/logo\/image\/\",\"url\":\"https:\/\/eurotripas.es\/wp-content\/uploads\/2023\/02\/LOGO-Eurotripas-png.png\",\"contentUrl\":\"https:\/\/eurotripas.es\/wp-content\/uploads\/2023\/02\/LOGO-Eurotripas-png.png\",\"width\":540,\"height\":266,\"caption\":\"Eurotripas\"},\"image\":{\"@id\":\"https:\/\/eurotripas.es\/es\/#\/schema\/logo\/image\/\"}}]}<\/script>\n<!-- \/ Yoast SEO plugin. -->","yoast_head_json":{"title":"Fabricaci\u00f3n de Tripas: Arte en Embutidos","description":"Especialistas en elaborar tripas naturales para embutidos. \u00a1Calidad y tradici\u00f3n en cada paso!\"","robots":{"index":"index","follow":"follow","max-snippet":"max-snippet:-1","max-image-preview":"max-image-preview:large","max-video-preview":"max-video-preview:-1"},"canonical":"https:\/\/eurotripas.es\/es\/empresa\/","og_locale":"es_ES","og_type":"article","og_title":"Fabricaci\u00f3n de Tripas: Arte en Embutidos","og_description":"Especialistas en elaborar tripas naturales para embutidos. \u00a1Calidad y tradici\u00f3n en cada paso!\"","og_url":"https:\/\/eurotripas.es\/es\/empresa\/","og_site_name":"Eurotripas","article_modified_time":"2026-02-24T11:58:10+00:00","og_image":[{"width":370,"height":555,"url":"https:\/\/eurotripas.es\/wp-content\/uploads\/2023\/02\/empresa1.jpg","type":"image\/jpeg"}],"twitter_card":"summary_large_image","twitter_misc":{"Tiempo de lectura":"3 minutos"},"schema":{"@context":"https:\/\/schema.org","@graph":[{"@type":"WebPage","@id":"https:\/\/eurotripas.es\/es\/empresa\/","url":"https:\/\/eurotripas.es\/es\/empresa\/","name":"Fabricaci\u00f3n de Tripas: Arte en Embutidos","isPartOf":{"@id":"https:\/\/eurotripas.es\/es\/#website"},"primaryImageOfPage":{"@id":"https:\/\/eurotripas.es\/es\/empresa\/#primaryimage"},"image":{"@id":"https:\/\/eurotripas.es\/es\/empresa\/#primaryimage"},"thumbnailUrl":"https:\/\/eurotripas.es\/wp-content\/uploads\/2023\/02\/empresa1.jpg","datePublished":"2020-11-13T02:24:36+00:00","dateModified":"2026-02-24T11:58:10+00:00","description":"Especialistas en elaborar tripas naturales para embutidos. \u00a1Calidad y tradici\u00f3n en cada paso!\"","breadcrumb":{"@id":"https:\/\/eurotripas.es\/es\/empresa\/#breadcrumb"},"inLanguage":"es","potentialAction":[{"@type":"ReadAction","target":["https:\/\/eurotripas.es\/es\/empresa\/"]}]},{"@type":"ImageObject","inLanguage":"es","@id":"https:\/\/eurotripas.es\/es\/empresa\/#primaryimage","url":"https:\/\/eurotripas.es\/wp-content\/uploads\/2023\/02\/empresa1.jpg","contentUrl":"https:\/\/eurotripas.es\/wp-content\/uploads\/2023\/02\/empresa1.jpg"},{"@type":"BreadcrumbList","@id":"https:\/\/eurotripas.es\/es\/empresa\/#breadcrumb","itemListElement":[{"@type":"ListItem","position":1,"name":"Portada","item":"https:\/\/eurotripas.es\/fr\/"},{"@type":"ListItem","position":2,"name":"Empresa"}]},{"@type":"WebSite","@id":"https:\/\/eurotripas.es\/es\/#website","url":"https:\/\/eurotripas.es\/es\/","name":"Eurotripas","description":"Calidad y experiencia","publisher":{"@id":"https:\/\/eurotripas.es\/es\/#organization"},"potentialAction":[{"@type":"SearchAction","target":{"@type":"EntryPoint","urlTemplate":"https:\/\/eurotripas.es\/es\/?s={search_term_string}"},"query-input":{"@type":"PropertyValueSpecification","valueRequired":true,"valueName":"search_term_string"}}],"inLanguage":"es"},{"@type":"Organization","@id":"https:\/\/eurotripas.es\/es\/#organization","name":"Eurotripas","url":"https:\/\/eurotripas.es\/es\/","logo":{"@type":"ImageObject","inLanguage":"es","@id":"https:\/\/eurotripas.es\/es\/#\/schema\/logo\/image\/","url":"https:\/\/eurotripas.es\/wp-content\/uploads\/2023\/02\/LOGO-Eurotripas-png.png","contentUrl":"https:\/\/eurotripas.es\/wp-content\/uploads\/2023\/02\/LOGO-Eurotripas-png.png","width":540,"height":266,"caption":"Eurotripas"},"image":{"@id":"https:\/\/eurotripas.es\/es\/#\/schema\/logo\/image\/"}}]}},"_links":{"self":[{"href":"https:\/\/eurotripas.es\/es\/wp-json\/wp\/v2\/pages\/3466","targetHints":{"allow":["GET"]}}],"collection":[{"href":"https:\/\/eurotripas.es\/es\/wp-json\/wp\/v2\/pages"}],"about":[{"href":"https:\/\/eurotripas.es\/es\/wp-json\/wp\/v2\/types\/page"}],"author":[{"embeddable":true,"href":"https:\/\/eurotripas.es\/es\/wp-json\/wp\/v2\/users\/1"}],"replies":[{"embeddable":true,"href":"https:\/\/eurotripas.es\/es\/wp-json\/wp\/v2\/comments?post=3466"}],"version-history":[{"count":39,"href":"https:\/\/eurotripas.es\/es\/wp-json\/wp\/v2\/pages\/3466\/revisions"}],"predecessor-version":[{"id":14578,"href":"https:\/\/eurotripas.es\/es\/wp-json\/wp\/v2\/pages\/3466\/revisions\/14578"}],"wp:attachment":[{"href":"https:\/\/eurotripas.es\/es\/wp-json\/wp\/v2\/media?parent=3466"}],"curies":[{"name":"wp","href":"https:\/\/api.w.org\/{rel}","templated":true}]}}