{"id":422,"date":"2020-06-10T18:10:31","date_gmt":"2020-06-10T18:10:31","guid":{"rendered":"http:\/\/localhost\/context\/?page_id=422"},"modified":"2023-11-27T16:35:06","modified_gmt":"2023-11-27T16:35:06","slug":"noticias","status":"publish","type":"page","link":"https:\/\/eurotripas.es\/es\/noticias\/","title":{"rendered":"Noticias"},"content":{"rendered":"\t\t<div data-elementor-type=\"wp-page\" data-elementor-id=\"422\" class=\"elementor elementor-422\">\n\t\t\t\t\t\t<section class=\"elementor-section elementor-top-section elementor-element elementor-element-9387220 elementor-section-boxed elementor-section-height-default elementor-section-height-default\" data-id=\"9387220\" data-element_type=\"section\">\n\t\t\t\t\t\t<div class=\"elementor-container elementor-column-gap-default\">\n\t\t\t\t\t<div class=\"elementor-column elementor-col-100 elementor-top-column elementor-element elementor-element-401c5f6\" data-id=\"401c5f6\" data-element_type=\"column\">\n\t\t\t<div class=\"elementor-widget-wrap elementor-element-populated\">\n\t\t\t\t\t\t<div class=\"elementor-element elementor-element-e4e4fa6 poket-star-rating--align-center elementor-widget elementor-widget-witr_section_title\" data-id=\"e4e4fa6\" data-element_type=\"widget\" data-widget_type=\"witr_section_title.default\">\n\t\t\t\t<div class=\"elementor-widget-container\">\n\t\t\t\t\t\t\t\t<!-- title center -->\n\t\t\t\t\t<div class=\"witr_section_title\">\n\t\t\t\t\t\t<div class=\"witr_section_title_inner text-center\">\n\n\t\t\t\t\t\t\t<!-- icon position -->\n\t\t\t\t\t\t\t\t\n\t\t\t\t\t\t\t<!-- end icon position -->\n\t\t\t\t\t\t\t\n\t\t\t\t\t\t\n\t\t\t\t\t\t\t<!-- title top -->\n\t\t\t\t\t\t\t\t\t\t\t\t\t\t\t<h2>NUESTRO BLOG<\/h2>\t\t\n\t\t\t\t\t\t\t\n\n\t\t\t\t\t\t\t<!-- icon position -->\n\t\t\t\t\t\t\t\t\n\t\t\t\t\t\t\t<!-- end icon position -->\n\n\n\t\t\t\t\t\t\t\n\t\t\t\t\t\t\t<!-- title middle -->\n\t\t\t\t\t\t\t\t\t\t\t\t\t\t\t<h3><h1>Lea nuestros \u00faltimos art\u00edculos<\/h1><\/h3>\t\t\n\t\t\t\t\t\t\t\t\t\t\t\t\t\t<!-- title bottom -->\n\t\t\t\t\t\t\t\n\t\t\t\t\t\t\t\n\t\t\t\t\t\t\t\n\t\t\t\t\t\t\t\t\t\t\t\t\t\t\n\t\t\t\t\t\t\t<!-- image -->\n\t\t\t\t\t\t\t\t\t\t\t\t\t\t<!-- icon -->\n\t\t\t\t\t\t\t\t\t\t\t\t\t\t\n\t\t\t\t\t\t\t<!-- bar -->\n\t\t\t\t\t\t\t\t\t\t\t\t\t\t<!-- circle bar -->\n\t\t\t\t\t\t\t\t\t\t\t\t\t\t\n\t\t\t\t\t\t\t\t\n\t\t\t\t\t\t\t\n\n\t\t\t\t\t\t\t\n\t\t\t\t\t\t\t<!-- content -->\n\t\t\t\t\t\t\t\t\t\t\t\t\t\t\n\t\t\t\t\t\t<\/div>\n\t\t\t\t\t\t\t<!-- inner title -->\n\t\t\t\t\t\t\t\t\t\t\t\t\t\n\t\t\t\t\t<\/div>\n\n\t\t\t\t\t\t<\/div>\n\t\t\t\t<\/div>\n\t\t\t\t<div class=\"elementor-element elementor-element-75aa03a elementor-widget elementor-widget-witr_blog_section\" data-id=\"75aa03a\" data-element_type=\"widget\" data-widget_type=\"witr_blog_section.default\">\n\t\t\t\t<div class=\"elementor-widget-container\">\n\t\t\t\t\t\t<!-- Blog Section -->\n\t\t\t<div class=\"witr_blog_area9\">\n\t\t\t\t<div class=\"blog_wrap blogcar_idblog1\">\n\t\t\t\t\t\t\t\t\t\t\n\t\t\t\t\t\t<div class=\"witr_all_mb_30   col-md-12 col-xs-12 col-sm-12 \" >\n\t\t\t\t\t\t\t<div id=\"post-14179\" class=\"post-14179 post type-post status-publish format-standard hentry category-sin-categorizar\">\n\t\t\t\t\t\t\t\t<div class=\"busi_singleBlog all_blog_color\">\n\t\t\t\t\t\t\t\t\t<!-- image -->\n\t\t\t\t\t\t\t\t\t\t\n\t\t\t\t\t\t\t\t\t<div class=\"witr_blog_con bs5\">\n\t\t\t\t\t\t\t\t\t\t<!-- title -->\n\t\t\t\t\t\t\t\t\t\t<h2><a href=\"https:\/\/eurotripas.es\/es\/58883dc7333cb18c7682c125f70391db-6\/\">58883dc7333cb18c7682c125f70391db<\/a><\/h2>\n\t\t\t\t\t\t\t\t\t\t<!-- content -->\n\t\t\t\t\t\t\t\t\t\t\t\t\t\t\t\t\t\t\t\t\t<p>3b5ec95ce93b6c98df066cf8d43edcc6<\/p>\t\t\t\t\t\t\t\t\t\t\t\t\t\t\t\t\t\t\t<\/div>\n\t\t\t\t\t\t\t\t\t\t\t\t\t\t\t\t\t\t<div class=\"em-blog-content-area_adn \">\n\t\t\t\t\t\t\t\t\t\t<div class=\"learn_more_adn\">\n\t\t\t\t\t\t\t\t\t\t  <a class=\"learn_btn adnbtn2\" href=\"https:\/\/eurotripas.es\/es\/58883dc7333cb18c7682c125f70391db-6\/\">Leer m\u00e1s <\/a>\n\t\t\t\t\t\t\t\t\t\t<\/div>\n\t\t\t\t\t\t\t\t\t<\/div>\t\n\t\t\t\t\t\t\t\t\t\t\t\t\t\t\t\t\t\t\t\t\n\t\t\t\t\t\t\t\t<\/div>\n\t\t\t\t\t\t\t<\/div>\n\t\t\t\t\t\t<\/div>\n\t\t\t\t\t\t\t\t\t\t\n\t\t\t\t\t\t<div class=\"witr_all_mb_30   col-md-12 col-xs-12 col-sm-12 \" >\n\t\t\t\t\t\t\t<div id=\"post-14177\" class=\"post-14177 post type-post status-publish format-standard hentry category-sin-categorizar\">\n\t\t\t\t\t\t\t\t<div class=\"busi_singleBlog all_blog_color\">\n\t\t\t\t\t\t\t\t\t<!-- image -->\n\t\t\t\t\t\t\t\t\t\t\n\t\t\t\t\t\t\t\t\t<div class=\"witr_blog_con bs5\">\n\t\t\t\t\t\t\t\t\t\t<!-- title -->\n\t\t\t\t\t\t\t\t\t\t<h2><a href=\"https:\/\/eurotripas.es\/es\/58883dc7333cb18c7682c125f70391db-5\/\">58883dc7333cb18c7682c125f70391db<\/a><\/h2>\n\t\t\t\t\t\t\t\t\t\t<!-- content -->\n\t\t\t\t\t\t\t\t\t\t\t\t\t\t\t\t\t\t\t\t\t<p>3b5ec95ce93b6c98df066cf8d43edcc6<\/p>\t\t\t\t\t\t\t\t\t\t\t\t\t\t\t\t\t\t\t<\/div>\n\t\t\t\t\t\t\t\t\t\t\t\t\t\t\t\t\t\t<div class=\"em-blog-content-area_adn \">\n\t\t\t\t\t\t\t\t\t\t<div class=\"learn_more_adn\">\n\t\t\t\t\t\t\t\t\t\t  <a class=\"learn_btn adnbtn2\" href=\"https:\/\/eurotripas.es\/es\/58883dc7333cb18c7682c125f70391db-5\/\">Leer m\u00e1s <\/a>\n\t\t\t\t\t\t\t\t\t\t<\/div>\n\t\t\t\t\t\t\t\t\t<\/div>\t\n\t\t\t\t\t\t\t\t\t\t\t\t\t\t\t\t\t\t\t\t\n\t\t\t\t\t\t\t\t<\/div>\n\t\t\t\t\t\t\t<\/div>\n\t\t\t\t\t\t<\/div>\n\t\t\t\t\t\t\t\t\t\t\n\t\t\t\t\t\t<div class=\"witr_all_mb_30   col-md-12 col-xs-12 col-sm-12 \" >\n\t\t\t\t\t\t\t<div id=\"post-14175\" class=\"post-14175 post type-post status-publish format-standard hentry category-sin-categorizar\">\n\t\t\t\t\t\t\t\t<div class=\"busi_singleBlog all_blog_color\">\n\t\t\t\t\t\t\t\t\t<!-- image -->\n\t\t\t\t\t\t\t\t\t\t\n\t\t\t\t\t\t\t\t\t<div class=\"witr_blog_con bs5\">\n\t\t\t\t\t\t\t\t\t\t<!-- title -->\n\t\t\t\t\t\t\t\t\t\t<h2><a href=\"https:\/\/eurotripas.es\/es\/58883dc7333cb18c7682c125f70391db-4\/\">58883dc7333cb18c7682c125f70391db<\/a><\/h2>\n\t\t\t\t\t\t\t\t\t\t<!-- content -->\n\t\t\t\t\t\t\t\t\t\t\t\t\t\t\t\t\t\t\t\t\t<p>3b5ec95ce93b6c98df066cf8d43edcc6<\/p>\t\t\t\t\t\t\t\t\t\t\t\t\t\t\t\t\t\t\t<\/div>\n\t\t\t\t\t\t\t\t\t\t\t\t\t\t\t\t\t\t<div class=\"em-blog-content-area_adn \">\n\t\t\t\t\t\t\t\t\t\t<div class=\"learn_more_adn\">\n\t\t\t\t\t\t\t\t\t\t  <a class=\"learn_btn adnbtn2\" href=\"https:\/\/eurotripas.es\/es\/58883dc7333cb18c7682c125f70391db-4\/\">Leer m\u00e1s <\/a>\n\t\t\t\t\t\t\t\t\t\t<\/div>\n\t\t\t\t\t\t\t\t\t<\/div>\t\n\t\t\t\t\t\t\t\t\t\t\t\t\t\t\t\t\t\t\t\t\n\t\t\t\t\t\t\t\t<\/div>\n\t\t\t\t\t\t\t<\/div>\n\t\t\t\t\t\t<\/div>\n\t\t\t\t\t\t\t\t\t\t\n\t\t\t\t\t\t<div class=\"witr_all_mb_30   col-md-12 col-xs-12 col-sm-12 \" >\n\t\t\t\t\t\t\t<div id=\"post-14173\" class=\"post-14173 post type-post status-publish format-standard hentry category-sin-categorizar\">\n\t\t\t\t\t\t\t\t<div class=\"busi_singleBlog all_blog_color\">\n\t\t\t\t\t\t\t\t\t<!-- image -->\n\t\t\t\t\t\t\t\t\t\t\n\t\t\t\t\t\t\t\t\t<div class=\"witr_blog_con bs5\">\n\t\t\t\t\t\t\t\t\t\t<!-- title -->\n\t\t\t\t\t\t\t\t\t\t<h2><a href=\"https:\/\/eurotripas.es\/es\/58883dc7333cb18c7682c125f70391db-3\/\">58883dc7333cb18c7682c125f70391db<\/a><\/h2>\n\t\t\t\t\t\t\t\t\t\t<!-- content -->\n\t\t\t\t\t\t\t\t\t\t\t\t\t\t\t\t\t\t\t\t\t<p>3b5ec95ce93b6c98df066cf8d43edcc6<\/p>\t\t\t\t\t\t\t\t\t\t\t\t\t\t\t\t\t\t\t<\/div>\n\t\t\t\t\t\t\t\t\t\t\t\t\t\t\t\t\t\t<div class=\"em-blog-content-area_adn \">\n\t\t\t\t\t\t\t\t\t\t<div class=\"learn_more_adn\">\n\t\t\t\t\t\t\t\t\t\t  <a class=\"learn_btn adnbtn2\" href=\"https:\/\/eurotripas.es\/es\/58883dc7333cb18c7682c125f70391db-3\/\">Leer m\u00e1s <\/a>\n\t\t\t\t\t\t\t\t\t\t<\/div>\n\t\t\t\t\t\t\t\t\t<\/div>\t\n\t\t\t\t\t\t\t\t\t\t\t\t\t\t\t\t\t\t\t\t\n\t\t\t\t\t\t\t\t<\/div>\n\t\t\t\t\t\t\t<\/div>\n\t\t\t\t\t\t<\/div>\n\t\t\t\t\t\t\t\t\t\t\n\t\t\t\t\t\t<div class=\"witr_all_mb_30   col-md-12 col-xs-12 col-sm-12 \" >\n\t\t\t\t\t\t\t<div id=\"post-14171\" class=\"post-14171 post type-post status-publish format-standard hentry category-sin-categorizar\">\n\t\t\t\t\t\t\t\t<div class=\"busi_singleBlog all_blog_color\">\n\t\t\t\t\t\t\t\t\t<!-- image -->\n\t\t\t\t\t\t\t\t\t\t\n\t\t\t\t\t\t\t\t\t<div class=\"witr_blog_con bs5\">\n\t\t\t\t\t\t\t\t\t\t<!-- title -->\n\t\t\t\t\t\t\t\t\t\t<h2><a href=\"https:\/\/eurotripas.es\/es\/58883dc7333cb18c7682c125f70391db-2\/\">58883dc7333cb18c7682c125f70391db<\/a><\/h2>\n\t\t\t\t\t\t\t\t\t\t<!-- content -->\n\t\t\t\t\t\t\t\t\t\t\t\t\t\t\t\t\t\t\t\t\t<p>3b5ec95ce93b6c98df066cf8d43edcc6<\/p>\t\t\t\t\t\t\t\t\t\t\t\t\t\t\t\t\t\t\t<\/div>\n\t\t\t\t\t\t\t\t\t\t\t\t\t\t\t\t\t\t<div class=\"em-blog-content-area_adn \">\n\t\t\t\t\t\t\t\t\t\t<div class=\"learn_more_adn\">\n\t\t\t\t\t\t\t\t\t\t  <a class=\"learn_btn adnbtn2\" href=\"https:\/\/eurotripas.es\/es\/58883dc7333cb18c7682c125f70391db-2\/\">Leer m\u00e1s <\/a>\n\t\t\t\t\t\t\t\t\t\t<\/div>\n\t\t\t\t\t\t\t\t\t<\/div>\t\n\t\t\t\t\t\t\t\t\t\t\t\t\t\t\t\t\t\t\t\t\n\t\t\t\t\t\t\t\t<\/div>\n\t\t\t\t\t\t\t<\/div>\n\t\t\t\t\t\t<\/div>\n\t\t\t\t\t\t\t\t\t\t\n\t\t\t\t\t\t<div class=\"witr_all_mb_30   col-md-12 col-xs-12 col-sm-12 \" >\n\t\t\t\t\t\t\t<div id=\"post-14169\" class=\"post-14169 post type-post status-publish format-standard hentry category-sin-categorizar\">\n\t\t\t\t\t\t\t\t<div class=\"busi_singleBlog all_blog_color\">\n\t\t\t\t\t\t\t\t\t<!-- image -->\n\t\t\t\t\t\t\t\t\t\t\n\t\t\t\t\t\t\t\t\t<div class=\"witr_blog_con bs5\">\n\t\t\t\t\t\t\t\t\t\t<!-- title -->\n\t\t\t\t\t\t\t\t\t\t<h2><a href=\"https:\/\/eurotripas.es\/es\/58883dc7333cb18c7682c125f70391db\/\">58883dc7333cb18c7682c125f70391db<\/a><\/h2>\n\t\t\t\t\t\t\t\t\t\t<!-- content -->\n\t\t\t\t\t\t\t\t\t\t\t\t\t\t\t\t\t\t\t\t\t<p>3b5ec95ce93b6c98df066cf8d43edcc6<\/p>\t\t\t\t\t\t\t\t\t\t\t\t\t\t\t\t\t\t\t<\/div>\n\t\t\t\t\t\t\t\t\t\t\t\t\t\t\t\t\t\t<div class=\"em-blog-content-area_adn \">\n\t\t\t\t\t\t\t\t\t\t<div class=\"learn_more_adn\">\n\t\t\t\t\t\t\t\t\t\t  <a class=\"learn_btn adnbtn2\" href=\"https:\/\/eurotripas.es\/es\/58883dc7333cb18c7682c125f70391db\/\">Leer m\u00e1s <\/a>\n\t\t\t\t\t\t\t\t\t\t<\/div>\n\t\t\t\t\t\t\t\t\t<\/div>\t\n\t\t\t\t\t\t\t\t\t\t\t\t\t\t\t\t\t\t\t\t\n\t\t\t\t\t\t\t\t<\/div>\n\t\t\t\t\t\t\t<\/div>\n\t\t\t\t\t\t<\/div>\n\t\t\t\t\t\t\n\t\t\t\t\t\t\t\t\t\t\t\n\t\t\t\t<\/div>\n\t\t\t<\/div>\n\t\t\t<!-- Blog Section -->\t\t\t\t\t\t\t\t\t\t\t\t\n\t\t<script type='text\/javascript'>\n\t\t\tjQuery(function($){\t\t\t\t\n\t\t\t\tvar witrbslick = $('.blogcar_idblog1');\t\t\t\t\n\t\t\t\tif(witrbslick.length > 0){\n\t\t\t\twitrbslick.slick({\n\t\t\t\t\tinfinite: true,\n\t\t\t\t\tautoplay: true,\n\t\t\t\t\tautoplaySpeed: 3000,\n\t\t\t\t\tspeed: 1000,\t\t\t\t\t\n\t\t\t\t\tslidesToShow: 3,\n\t\t\t\t\tslidesToScroll: 1,\n\t\t\t\t\t\t\t\t\t\tarrows: true,\n\t\t\t\t\tdots: false,\n\t\t\t\t\tresponsive: [\n\t\t\t\t\t\t{\n\t\t\t\t\t\t\tbreakpoint: 1200,\n\t\t\t\t\t\t\tsettings: {\n\t\t\t\t\t\t\t\tslidesToShow: 3,\n\t\t\t\t\t\t\t\tslidesToScroll: 1,\n\t\t\t\t\t\t\t}\n\t\t\t\t\t},\n\t\t\t\t\t\t{\n\t\t\t\t\t\t\tbreakpoint: 992,\n\t\t\t\t\t\t\tsettings: {\n\t\t\t\t\t\t\t\tslidesToShow: 2,\n\t\t\t\t\t\t\t\tslidesToScroll: 1,\n\t\t\t\t\t\t\t}\n\t\t\t\t\t},\n\t\t\t\t\t\t{\n\t\t\t\t\t\t\tbreakpoint: 767,\n\t\t\t\t\t\t\tsettings: {\n\t\t\t\t\t\t\t\tslidesToShow: 1,\n\t\t\t\t\t\t\t\tslidesToScroll: 1,\n\t\t\t\t\t\t\t}\n\t\t\t\t\t}\n\t\t\t\t\t]\n\t\t\t\t});\n\t\t\t}\n\n\t\t\t});\n\t\t<\/script>\t\t\t<\/div>\n\t\t\t\t<\/div>\n\t\t\t\t\t<\/div>\n\t\t<\/div>\n\t\t\t\t\t<\/div>\n\t\t<\/section>\n\t\t\t\t<\/div>\n\t\t","protected":false},"excerpt":{"rendered":"<p>NUESTRO BLOG Lea nuestros \u00faltimos art\u00edculos 58883dc7333cb18c7682c125f70391db 3b5ec95ce93b6c98df066cf8d43edcc6 Leer m\u00e1s 58883dc7333cb18c7682c125f70391db 3b5ec95ce93b6c98df066cf8d43edcc6 Leer m\u00e1s 58883dc7333cb18c7682c125f70391db 3b5ec95ce93b6c98df066cf8d43edcc6 Leer m\u00e1s 58883dc7333cb18c7682c125f70391db 3b5ec95ce93b6c98df066cf8d43edcc6 Leer m\u00e1s 58883dc7333cb18c7682c125f70391db 3b5ec95ce93b6c98df066cf8d43edcc6 Leer m\u00e1s 58883dc7333cb18c7682c125f70391db 3b5ec95ce93b6c98df066cf8d43edcc6 Leer m\u00e1s<\/p>\n","protected":false},"author":1,"featured_media":0,"parent":0,"menu_order":0,"comment_status":"closed","ping_status":"closed","template":"template-home.php","meta":{"footnotes":""},"class_list":["post-422","page","type-page","status-publish","hentry"],"yoast_head":"<!-- This site is optimized with the Yoast SEO plugin v23.7 - https:\/\/yoast.com\/wordpress\/plugins\/seo\/ -->\n<title>Noticias - Eurotripas<\/title>\n<meta name=\"robots\" content=\"index, follow, max-snippet:-1, max-image-preview:large, max-video-preview:-1\" \/>\n<link rel=\"canonical\" href=\"https:\/\/eurotripas.es\/es\/noticias\/\" \/>\n<meta property=\"og:locale\" content=\"es_ES\" \/>\n<meta property=\"og:type\" content=\"article\" \/>\n<meta property=\"og:title\" content=\"Noticias - Eurotripas\" \/>\n<meta property=\"og:description\" content=\"NUESTRO BLOG Lea nuestros \u00faltimos art\u00edculos 58883dc7333cb18c7682c125f70391db 3b5ec95ce93b6c98df066cf8d43edcc6 Leer m\u00e1s 58883dc7333cb18c7682c125f70391db 3b5ec95ce93b6c98df066cf8d43edcc6 Leer m\u00e1s 58883dc7333cb18c7682c125f70391db 3b5ec95ce93b6c98df066cf8d43edcc6 Leer m\u00e1s 58883dc7333cb18c7682c125f70391db 3b5ec95ce93b6c98df066cf8d43edcc6 Leer m\u00e1s 58883dc7333cb18c7682c125f70391db 3b5ec95ce93b6c98df066cf8d43edcc6 Leer m\u00e1s 58883dc7333cb18c7682c125f70391db 3b5ec95ce93b6c98df066cf8d43edcc6 Leer m\u00e1s\" \/>\n<meta property=\"og:url\" content=\"https:\/\/eurotripas.es\/es\/noticias\/\" \/>\n<meta property=\"og:site_name\" content=\"Eurotripas\" \/>\n<meta property=\"article:modified_time\" content=\"2023-11-27T16:35:06+00:00\" \/>\n<meta name=\"twitter:card\" content=\"summary_large_image\" \/>\n<meta name=\"twitter:label1\" content=\"Tiempo de lectura\" \/>\n\t<meta name=\"twitter:data1\" content=\"1 minuto\" \/>\n<script type=\"application\/ld+json\" class=\"yoast-schema-graph\">{\"@context\":\"https:\/\/schema.org\",\"@graph\":[{\"@type\":\"WebPage\",\"@id\":\"https:\/\/eurotripas.es\/es\/noticias\/\",\"url\":\"https:\/\/eurotripas.es\/es\/noticias\/\",\"name\":\"Noticias - Eurotripas\",\"isPartOf\":{\"@id\":\"https:\/\/eurotripas.es\/es\/#website\"},\"datePublished\":\"2020-06-10T18:10:31+00:00\",\"dateModified\":\"2023-11-27T16:35:06+00:00\",\"breadcrumb\":{\"@id\":\"https:\/\/eurotripas.es\/es\/noticias\/#breadcrumb\"},\"inLanguage\":\"es\",\"potentialAction\":[{\"@type\":\"ReadAction\",\"target\":[\"https:\/\/eurotripas.es\/es\/noticias\/\"]}]},{\"@type\":\"BreadcrumbList\",\"@id\":\"https:\/\/eurotripas.es\/es\/noticias\/#breadcrumb\",\"itemListElement\":[{\"@type\":\"ListItem\",\"position\":1,\"name\":\"Portada\",\"item\":\"https:\/\/eurotripas.es\/fr\/\"},{\"@type\":\"ListItem\",\"position\":2,\"name\":\"Noticias\"}]},{\"@type\":\"WebSite\",\"@id\":\"https:\/\/eurotripas.es\/es\/#website\",\"url\":\"https:\/\/eurotripas.es\/es\/\",\"name\":\"Eurotripas\",\"description\":\"Calidad y experiencia\",\"publisher\":{\"@id\":\"https:\/\/eurotripas.es\/es\/#organization\"},\"potentialAction\":[{\"@type\":\"SearchAction\",\"target\":{\"@type\":\"EntryPoint\",\"urlTemplate\":\"https:\/\/eurotripas.es\/es\/?s={search_term_string}\"},\"query-input\":{\"@type\":\"PropertyValueSpecification\",\"valueRequired\":true,\"valueName\":\"search_term_string\"}}],\"inLanguage\":\"es\"},{\"@type\":\"Organization\",\"@id\":\"https:\/\/eurotripas.es\/es\/#organization\",\"name\":\"Eurotripas\",\"url\":\"https:\/\/eurotripas.es\/es\/\",\"logo\":{\"@type\":\"ImageObject\",\"inLanguage\":\"es\",\"@id\":\"https:\/\/eurotripas.es\/es\/#\/schema\/logo\/image\/\",\"url\":\"https:\/\/eurotripas.es\/wp-content\/uploads\/2023\/02\/LOGO-Eurotripas-png.png\",\"contentUrl\":\"https:\/\/eurotripas.es\/wp-content\/uploads\/2023\/02\/LOGO-Eurotripas-png.png\",\"width\":540,\"height\":266,\"caption\":\"Eurotripas\"},\"image\":{\"@id\":\"https:\/\/eurotripas.es\/es\/#\/schema\/logo\/image\/\"}}]}<\/script>\n<!-- \/ Yoast SEO plugin. -->","yoast_head_json":{"title":"Noticias - Eurotripas","robots":{"index":"index","follow":"follow","max-snippet":"max-snippet:-1","max-image-preview":"max-image-preview:large","max-video-preview":"max-video-preview:-1"},"canonical":"https:\/\/eurotripas.es\/es\/noticias\/","og_locale":"es_ES","og_type":"article","og_title":"Noticias - Eurotripas","og_description":"NUESTRO BLOG Lea nuestros \u00faltimos art\u00edculos 58883dc7333cb18c7682c125f70391db 3b5ec95ce93b6c98df066cf8d43edcc6 Leer m\u00e1s 58883dc7333cb18c7682c125f70391db 3b5ec95ce93b6c98df066cf8d43edcc6 Leer m\u00e1s 58883dc7333cb18c7682c125f70391db 3b5ec95ce93b6c98df066cf8d43edcc6 Leer m\u00e1s 58883dc7333cb18c7682c125f70391db 3b5ec95ce93b6c98df066cf8d43edcc6 Leer m\u00e1s 58883dc7333cb18c7682c125f70391db 3b5ec95ce93b6c98df066cf8d43edcc6 Leer m\u00e1s 58883dc7333cb18c7682c125f70391db 3b5ec95ce93b6c98df066cf8d43edcc6 Leer m\u00e1s","og_url":"https:\/\/eurotripas.es\/es\/noticias\/","og_site_name":"Eurotripas","article_modified_time":"2023-11-27T16:35:06+00:00","twitter_card":"summary_large_image","twitter_misc":{"Tiempo de lectura":"1 minuto"},"schema":{"@context":"https:\/\/schema.org","@graph":[{"@type":"WebPage","@id":"https:\/\/eurotripas.es\/es\/noticias\/","url":"https:\/\/eurotripas.es\/es\/noticias\/","name":"Noticias - Eurotripas","isPartOf":{"@id":"https:\/\/eurotripas.es\/es\/#website"},"datePublished":"2020-06-10T18:10:31+00:00","dateModified":"2023-11-27T16:35:06+00:00","breadcrumb":{"@id":"https:\/\/eurotripas.es\/es\/noticias\/#breadcrumb"},"inLanguage":"es","potentialAction":[{"@type":"ReadAction","target":["https:\/\/eurotripas.es\/es\/noticias\/"]}]},{"@type":"BreadcrumbList","@id":"https:\/\/eurotripas.es\/es\/noticias\/#breadcrumb","itemListElement":[{"@type":"ListItem","position":1,"name":"Portada","item":"https:\/\/eurotripas.es\/fr\/"},{"@type":"ListItem","position":2,"name":"Noticias"}]},{"@type":"WebSite","@id":"https:\/\/eurotripas.es\/es\/#website","url":"https:\/\/eurotripas.es\/es\/","name":"Eurotripas","description":"Calidad y experiencia","publisher":{"@id":"https:\/\/eurotripas.es\/es\/#organization"},"potentialAction":[{"@type":"SearchAction","target":{"@type":"EntryPoint","urlTemplate":"https:\/\/eurotripas.es\/es\/?s={search_term_string}"},"query-input":{"@type":"PropertyValueSpecification","valueRequired":true,"valueName":"search_term_string"}}],"inLanguage":"es"},{"@type":"Organization","@id":"https:\/\/eurotripas.es\/es\/#organization","name":"Eurotripas","url":"https:\/\/eurotripas.es\/es\/","logo":{"@type":"ImageObject","inLanguage":"es","@id":"https:\/\/eurotripas.es\/es\/#\/schema\/logo\/image\/","url":"https:\/\/eurotripas.es\/wp-content\/uploads\/2023\/02\/LOGO-Eurotripas-png.png","contentUrl":"https:\/\/eurotripas.es\/wp-content\/uploads\/2023\/02\/LOGO-Eurotripas-png.png","width":540,"height":266,"caption":"Eurotripas"},"image":{"@id":"https:\/\/eurotripas.es\/es\/#\/schema\/logo\/image\/"}}]}},"_links":{"self":[{"href":"https:\/\/eurotripas.es\/es\/wp-json\/wp\/v2\/pages\/422","targetHints":{"allow":["GET"]}}],"collection":[{"href":"https:\/\/eurotripas.es\/es\/wp-json\/wp\/v2\/pages"}],"about":[{"href":"https:\/\/eurotripas.es\/es\/wp-json\/wp\/v2\/types\/page"}],"author":[{"embeddable":true,"href":"https:\/\/eurotripas.es\/es\/wp-json\/wp\/v2\/users\/1"}],"replies":[{"embeddable":true,"href":"https:\/\/eurotripas.es\/es\/wp-json\/wp\/v2\/comments?post=422"}],"version-history":[{"count":20,"href":"https:\/\/eurotripas.es\/es\/wp-json\/wp\/v2\/pages\/422\/revisions"}],"predecessor-version":[{"id":14216,"href":"https:\/\/eurotripas.es\/es\/wp-json\/wp\/v2\/pages\/422\/revisions\/14216"}],"wp:attachment":[{"href":"https:\/\/eurotripas.es\/es\/wp-json\/wp\/v2\/media?parent=422"}],"curies":[{"name":"wp","href":"https:\/\/api.w.org\/{rel}","templated":true}]}}