{"id":12813,"date":"2020-11-13T02:24:36","date_gmt":"2020-11-13T02:24:36","guid":{"rendered":"https:\/\/eurotripas.es\/index.php\/enterprise\/"},"modified":"2026-02-24T12:02:16","modified_gmt":"2026-02-24T12:02:16","slug":"enterprise","status":"publish","type":"page","link":"https:\/\/eurotripas.es\/fr\/enterprise\/","title":{"rendered":"Enterprise"},"content":{"rendered":"\t\t<div data-elementor-type=\"wp-page\" data-elementor-id=\"12813\" class=\"elementor elementor-12813 elementor-3466\">\n\t\t\t\t\t\t<section class=\"elementor-section elementor-top-section elementor-element elementor-element-ccb4f2c elementor-section-boxed elementor-section-height-default elementor-section-height-default\" data-id=\"ccb4f2c\" data-element_type=\"section\">\n\t\t\t\t\t\t<div class=\"elementor-container elementor-column-gap-default\">\n\t\t\t\t\t<div class=\"elementor-column elementor-col-50 elementor-top-column elementor-element elementor-element-cc3d6a0\" data-id=\"cc3d6a0\" data-element_type=\"column\">\n\t\t\t<div class=\"elementor-widget-wrap elementor-element-populated\">\n\t\t\t\t\t\t<div class=\"elementor-element elementor-element-028d0f3 elementor-widget elementor-widget-heading\" data-id=\"028d0f3\" data-element_type=\"widget\" data-widget_type=\"heading.default\">\n\t\t\t\t<div class=\"elementor-widget-container\">\n\t\t\t<h1 class=\"elementor-heading-title elementor-size-default\">Histoire d'Eurotripas<\/h1>\t\t<\/div>\n\t\t\t\t<\/div>\n\t\t\t\t<div class=\"elementor-element elementor-element-c86b704 elementor-widget elementor-widget-text-editor\" data-id=\"c86b704\" data-element_type=\"widget\" data-widget_type=\"text-editor.default\">\n\t\t\t\t<div class=\"elementor-widget-container\">\n\t\t\t\t\t\t\t<p><b>Eurotripas<\/b><span style=\"font-weight: 400;\"> est une entreprise d\u00e9di\u00e9e \u00e0 la production, la transformation et la commercialisation de boyaux naturels pour la production de saucisses et d\u00e9riv\u00e9s. Elle a d\u00e9marr\u00e9 son activit\u00e9 fin 2013, h\u00e9ritant d&#8217;un fonds de commerce g\u00e9r\u00e9 par le pr\u00e9d\u00e9cesseur Framawick, avec plus de 50 ans de tradition dans la fabrication, la vente et la distribution de <\/span><b>boyaux naturels issus des meilleures origines naturelles d&#8217;agneau, de porc et de b\u0153uf.<\/b><\/p>\n<p><span style=\"font-weight: 400;\">Nous contr\u00f4lons tous les processus de production depuis l&#8217;origine du boyau, en passant par les diff\u00e9rentes \u00e9tapes de traitement afin d&#8217;obtenir un produit de haute qualit\u00e9 et avec un contr\u00f4le constant de sa tra\u00e7abilit\u00e9. <b><\/b><\/span><\/p>\n<p><span style=\"font-weight: 400;\">Eurotripas a \u00e9t\u00e9 la premi\u00e8re entreprise de fabrication de boyaux \u00e0 obtenir la certification <b>SAE<\/b><\/span><span style=\"font-weight: 400;\">pour exporter vers des pays tiers. Nous nous engageons \u00e0 garantir que tous nos produits sont conformes \u00e0 la l\u00e9gislation sanitaire en vigueur dans l&#8217;Union europ\u00e9enne.   <\/span><b>Le syst\u00e8me HACCP<\/b><span style=\"font-weight: 400;\"> a \u00e9t\u00e9 mis en place, audit\u00e9 et contr\u00f4l\u00e9 en permanence par les Services V\u00e9t\u00e9rinaires Officiels de la Generalitat de Catalogne. Encadr\u00e9 avec notre num\u00e9ro d&#8217;enregistrement sanitaire de niveau 1, <\/span><b>ES 10.23107\/B C.E.<\/b><\/p>\n<p><span style=\"font-weight: 400;\">Une entreprise avec une vaste exp\u00e9rience dans le secteur national et international. Membres de l&#8217;Association espagnole du boyau naturel (AETRIN) et communications constantes de l&#8217;Association internationale du boyau naturel de saucisse (INSCA).<\/span><\/p>\n<p><span style=\"font-weight: 400;\">Eurotripas am\u00e9liore chaque jour la large gamme de ses produits de toutes tailles et de tous formats pour satisfaire le client. Garantir <\/span><b>la qualit\u00e9, l&#8217;hygi\u00e8ne, la s\u00e9curit\u00e9 et le prix<\/b><span style=\"font-weight: 400;\">.<\/span><\/p>\n\t\t\t\t\t\t<\/div>\n\t\t\t\t<\/div>\n\t\t\t\t\t<\/div>\n\t\t<\/div>\n\t\t\t\t<div class=\"elementor-column elementor-col-50 elementor-top-column elementor-element elementor-element-0985bfe\" data-id=\"0985bfe\" data-element_type=\"column\">\n\t\t\t<div class=\"elementor-widget-wrap elementor-element-populated\">\n\t\t\t\t\t\t<div class=\"elementor-element elementor-element-c41c357 elementor-widget elementor-widget-image\" data-id=\"c41c357\" data-element_type=\"widget\" data-widget_type=\"image.default\">\n\t\t\t\t<div class=\"elementor-widget-container\">\n\t\t\t\t\t\t\t\t\t\t\t\t\t<img fetchpriority=\"high\" decoding=\"async\" width=\"370\" height=\"555\" src=\"https:\/\/eurotripas.es\/wp-content\/uploads\/2023\/02\/empresa1.jpg\" class=\"attachment-full size-full wp-image-12530\" alt=\"\" srcset=\"https:\/\/eurotripas.es\/wp-content\/uploads\/2023\/02\/empresa1.jpg 370w, https:\/\/eurotripas.es\/wp-content\/uploads\/2023\/02\/empresa1-200x300.jpg 200w\" sizes=\"(max-width: 370px) 100vw, 370px\" \/>\t\t\t\t\t\t\t\t\t\t\t\t\t<\/div>\n\t\t\t\t<\/div>\n\t\t\t\t\t<\/div>\n\t\t<\/div>\n\t\t\t\t\t<\/div>\n\t\t<\/section>\n\t\t\t\t<section class=\"elementor-section elementor-top-section elementor-element elementor-element-693a9bf elementor-section-boxed elementor-section-height-default elementor-section-height-default\" data-id=\"693a9bf\" data-element_type=\"section\">\n\t\t\t\t\t\t<div class=\"elementor-container elementor-column-gap-default\">\n\t\t\t\t\t<div class=\"elementor-column elementor-col-100 elementor-top-column elementor-element elementor-element-b82f902\" data-id=\"b82f902\" data-element_type=\"column\">\n\t\t\t<div class=\"elementor-widget-wrap elementor-element-populated\">\n\t\t\t\t\t\t<div class=\"elementor-element elementor-element-526994e elementor-widget elementor-widget-image\" data-id=\"526994e\" data-element_type=\"widget\" data-widget_type=\"image.default\">\n\t\t\t\t<div class=\"elementor-widget-container\">\n\t\t\t\t\t\t\t\t\t\t\t\t\t<img decoding=\"async\" width=\"768\" height=\"1024\" src=\"https:\/\/eurotripas.es\/wp-content\/uploads\/2026\/02\/imagen-galpon-2-768x1024.jpeg\" class=\"attachment-large size-large wp-image-14558\" alt=\"\" srcset=\"https:\/\/eurotripas.es\/wp-content\/uploads\/2026\/02\/imagen-galpon-2-768x1024.jpeg 768w, https:\/\/eurotripas.es\/wp-content\/uploads\/2026\/02\/imagen-galpon-2-225x300.jpeg 225w, https:\/\/eurotripas.es\/wp-content\/uploads\/2026\/02\/imagen-galpon-2-1152x1536.jpeg 1152w, https:\/\/eurotripas.es\/wp-content\/uploads\/2026\/02\/imagen-galpon-2-1536x2048.jpeg 1536w, https:\/\/eurotripas.es\/wp-content\/uploads\/2026\/02\/imagen-galpon-2-scaled.jpeg 1920w\" sizes=\"(max-width: 768px) 100vw, 768px\" \/>\t\t\t\t\t\t\t\t\t\t\t\t\t<\/div>\n\t\t\t\t<\/div>\n\t\t\t\t<div class=\"elementor-element elementor-element-c364ce4 elementor-widget elementor-widget-text-editor\" data-id=\"c364ce4\" data-element_type=\"widget\" data-widget_type=\"text-editor.default\">\n\t\t\t\t<div class=\"elementor-widget-container\">\n\t\t\t\t\t\t\t<p><b>INSTALLATIONS<\/b><\/p>\n<p><span style=\"font-weight: 400;\">Situ\u00e9 dans la<\/span> <b>plaine de Vic<\/b><span style=\"font-weight: 400;\">, une r\u00e9gion traditionnellement tr\u00e8s importante dans le secteur de l&#8217;alimentation et de la charcuterie.<\/span><\/p>\n<p><span style=\"font-weight: 400;\">Nous disposons de plus de<\/span> <b>3 000 m2<\/b> <span style=\"font-weight: 400;\">pour le stockage et la manutention des boyaux. Salles sp\u00e9ciales pour la manipulation et le contr\u00f4le de la qualit\u00e9. Nos r\u00e9frig\u00e9rateurs sont optimis\u00e9s pour les diff\u00e9rents types de caissons et leur origine. Cela nous permet de ma\u00eetriser et de proposer du boyau naturel dans les meilleures conditions d&#8217;utilisation dans vos productions.   <\/span><\/p>\n\t\t\t\t\t\t<\/div>\n\t\t\t\t<\/div>\n\t\t\t\t<div class=\"elementor-element elementor-element-56f39cc elementor-widget elementor-widget-image\" data-id=\"56f39cc\" data-element_type=\"widget\" data-widget_type=\"image.default\">\n\t\t\t\t<div class=\"elementor-widget-container\">\n\t\t\t\t\t\t\t\t\t\t\t\t\t<img decoding=\"async\" width=\"768\" height=\"1024\" src=\"https:\/\/eurotripas.es\/wp-content\/uploads\/2026\/02\/imagen-galpon-1-768x1024.jpeg\" class=\"attachment-large size-large wp-image-14570\" alt=\"\" srcset=\"https:\/\/eurotripas.es\/wp-content\/uploads\/2026\/02\/imagen-galpon-1-768x1024.jpeg 768w, https:\/\/eurotripas.es\/wp-content\/uploads\/2026\/02\/imagen-galpon-1-225x300.jpeg 225w, https:\/\/eurotripas.es\/wp-content\/uploads\/2026\/02\/imagen-galpon-1.jpeg 960w\" sizes=\"(max-width: 768px) 100vw, 768px\" \/>\t\t\t\t\t\t\t\t\t\t\t\t\t<\/div>\n\t\t\t\t<\/div>\n\t\t\t\t\t<\/div>\n\t\t<\/div>\n\t\t\t\t\t<\/div>\n\t\t<\/section>\n\t\t\t\t<\/div>\n\t\t","protected":false},"excerpt":{"rendered":"<p>Histoire d&#8217;Eurotripas Eurotripas est une entreprise d\u00e9di\u00e9e \u00e0 la production, la transformation et la commercialisation de boyaux naturels pour la production de saucisses et d\u00e9riv\u00e9s. Elle a d\u00e9marr\u00e9 son activit\u00e9 fin 2013, h\u00e9ritant d&#8217;un fonds de commerce g\u00e9r\u00e9 par le pr\u00e9d\u00e9cesseur Framawick, avec plus de 50 ans de tradition dans la fabrication, la vente et [&hellip;]<\/p>\n","protected":false},"author":1,"featured_media":0,"parent":0,"menu_order":0,"comment_status":"closed","ping_status":"closed","template":"template-home.php","meta":{"footnotes":""},"class_list":["post-12813","page","type-page","status-publish","hentry"],"yoast_head":"<!-- This site is optimized with the Yoast SEO plugin v23.7 - https:\/\/yoast.com\/wordpress\/plugins\/seo\/ -->\n<title>Fabrication de boyaux\u00a0: l&#039;art dans les saucisses<\/title>\n<meta name=\"description\" content=\"Sp\u00e9cialiste de la fabrication de boyaux naturels pour saucisses. Qualit\u00e9 et tradition \u00e0 chaque \u00e9tape!&quot;\" \/>\n<meta name=\"robots\" content=\"index, follow, max-snippet:-1, max-image-preview:large, max-video-preview:-1\" \/>\n<link rel=\"canonical\" href=\"https:\/\/eurotripas.es\/fr\/enterprise\/\" \/>\n<meta property=\"og:locale\" content=\"fr_FR\" \/>\n<meta property=\"og:type\" content=\"article\" \/>\n<meta property=\"og:title\" content=\"Fabrication de boyaux\u00a0: l&#039;art dans les saucisses\" \/>\n<meta property=\"og:description\" content=\"Sp\u00e9cialiste de la fabrication de boyaux naturels pour saucisses. Qualit\u00e9 et tradition \u00e0 chaque \u00e9tape!&quot;\" \/>\n<meta property=\"og:url\" content=\"https:\/\/eurotripas.es\/fr\/enterprise\/\" \/>\n<meta property=\"og:site_name\" content=\"Eurotripas\" \/>\n<meta property=\"article:modified_time\" content=\"2026-02-24T12:02:16+00:00\" \/>\n<meta property=\"og:image\" content=\"https:\/\/eurotripas.es\/wp-content\/uploads\/2023\/02\/empresa1.jpg\" \/>\n\t<meta property=\"og:image:width\" content=\"370\" \/>\n\t<meta property=\"og:image:height\" content=\"555\" \/>\n\t<meta property=\"og:image:type\" content=\"image\/jpeg\" \/>\n<meta name=\"twitter:card\" content=\"summary_large_image\" \/>\n<meta name=\"twitter:label1\" content=\"Dur\u00e9e de lecture estim\u00e9e\" \/>\n\t<meta name=\"twitter:data1\" content=\"3 minutes\" \/>\n<script type=\"application\/ld+json\" class=\"yoast-schema-graph\">{\"@context\":\"https:\/\/schema.org\",\"@graph\":[{\"@type\":\"WebPage\",\"@id\":\"https:\/\/eurotripas.es\/fr\/enterprise\/\",\"url\":\"https:\/\/eurotripas.es\/fr\/enterprise\/\",\"name\":\"Fabrication de boyaux\u00a0: l'art dans les saucisses\",\"isPartOf\":{\"@id\":\"https:\/\/eurotripas.es\/es\/#website\"},\"primaryImageOfPage\":{\"@id\":\"https:\/\/eurotripas.es\/fr\/enterprise\/#primaryimage\"},\"image\":{\"@id\":\"https:\/\/eurotripas.es\/fr\/enterprise\/#primaryimage\"},\"thumbnailUrl\":\"https:\/\/eurotripas.es\/wp-content\/uploads\/2023\/02\/empresa1.jpg\",\"datePublished\":\"2020-11-13T02:24:36+00:00\",\"dateModified\":\"2026-02-24T12:02:16+00:00\",\"description\":\"Sp\u00e9cialiste de la fabrication de boyaux naturels pour saucisses. Qualit\u00e9 et tradition \u00e0 chaque \u00e9tape!\\\"\",\"breadcrumb\":{\"@id\":\"https:\/\/eurotripas.es\/fr\/enterprise\/#breadcrumb\"},\"inLanguage\":\"fr-FR\",\"potentialAction\":[{\"@type\":\"ReadAction\",\"target\":[\"https:\/\/eurotripas.es\/fr\/enterprise\/\"]}]},{\"@type\":\"ImageObject\",\"inLanguage\":\"fr-FR\",\"@id\":\"https:\/\/eurotripas.es\/fr\/enterprise\/#primaryimage\",\"url\":\"https:\/\/eurotripas.es\/wp-content\/uploads\/2023\/02\/empresa1.jpg\",\"contentUrl\":\"https:\/\/eurotripas.es\/wp-content\/uploads\/2023\/02\/empresa1.jpg\"},{\"@type\":\"BreadcrumbList\",\"@id\":\"https:\/\/eurotripas.es\/fr\/enterprise\/#breadcrumb\",\"itemListElement\":[{\"@type\":\"ListItem\",\"position\":1,\"name\":\"Portada\",\"item\":\"https:\/\/eurotripas.es\/fr\/\"},{\"@type\":\"ListItem\",\"position\":2,\"name\":\"Enterprise\"}]},{\"@type\":\"WebSite\",\"@id\":\"https:\/\/eurotripas.es\/es\/#website\",\"url\":\"https:\/\/eurotripas.es\/es\/\",\"name\":\"Eurotripas\",\"description\":\"Calidad y experiencia\",\"publisher\":{\"@id\":\"https:\/\/eurotripas.es\/es\/#organization\"},\"potentialAction\":[{\"@type\":\"SearchAction\",\"target\":{\"@type\":\"EntryPoint\",\"urlTemplate\":\"https:\/\/eurotripas.es\/es\/?s={search_term_string}\"},\"query-input\":{\"@type\":\"PropertyValueSpecification\",\"valueRequired\":true,\"valueName\":\"search_term_string\"}}],\"inLanguage\":\"fr-FR\"},{\"@type\":\"Organization\",\"@id\":\"https:\/\/eurotripas.es\/es\/#organization\",\"name\":\"Eurotripas\",\"url\":\"https:\/\/eurotripas.es\/es\/\",\"logo\":{\"@type\":\"ImageObject\",\"inLanguage\":\"fr-FR\",\"@id\":\"https:\/\/eurotripas.es\/es\/#\/schema\/logo\/image\/\",\"url\":\"https:\/\/eurotripas.es\/wp-content\/uploads\/2023\/02\/LOGO-Eurotripas-png.png\",\"contentUrl\":\"https:\/\/eurotripas.es\/wp-content\/uploads\/2023\/02\/LOGO-Eurotripas-png.png\",\"width\":540,\"height\":266,\"caption\":\"Eurotripas\"},\"image\":{\"@id\":\"https:\/\/eurotripas.es\/es\/#\/schema\/logo\/image\/\"}}]}<\/script>\n<!-- \/ Yoast SEO plugin. -->","yoast_head_json":{"title":"Fabrication de boyaux\u00a0: l'art dans les saucisses","description":"Sp\u00e9cialiste de la fabrication de boyaux naturels pour saucisses. Qualit\u00e9 et tradition \u00e0 chaque \u00e9tape!\"","robots":{"index":"index","follow":"follow","max-snippet":"max-snippet:-1","max-image-preview":"max-image-preview:large","max-video-preview":"max-video-preview:-1"},"canonical":"https:\/\/eurotripas.es\/fr\/enterprise\/","og_locale":"fr_FR","og_type":"article","og_title":"Fabrication de boyaux\u00a0: l'art dans les saucisses","og_description":"Sp\u00e9cialiste de la fabrication de boyaux naturels pour saucisses. Qualit\u00e9 et tradition \u00e0 chaque \u00e9tape!\"","og_url":"https:\/\/eurotripas.es\/fr\/enterprise\/","og_site_name":"Eurotripas","article_modified_time":"2026-02-24T12:02:16+00:00","og_image":[{"width":370,"height":555,"url":"https:\/\/eurotripas.es\/wp-content\/uploads\/2023\/02\/empresa1.jpg","type":"image\/jpeg"}],"twitter_card":"summary_large_image","twitter_misc":{"Dur\u00e9e de lecture estim\u00e9e":"3 minutes"},"schema":{"@context":"https:\/\/schema.org","@graph":[{"@type":"WebPage","@id":"https:\/\/eurotripas.es\/fr\/enterprise\/","url":"https:\/\/eurotripas.es\/fr\/enterprise\/","name":"Fabrication de boyaux\u00a0: l'art dans les saucisses","isPartOf":{"@id":"https:\/\/eurotripas.es\/es\/#website"},"primaryImageOfPage":{"@id":"https:\/\/eurotripas.es\/fr\/enterprise\/#primaryimage"},"image":{"@id":"https:\/\/eurotripas.es\/fr\/enterprise\/#primaryimage"},"thumbnailUrl":"https:\/\/eurotripas.es\/wp-content\/uploads\/2023\/02\/empresa1.jpg","datePublished":"2020-11-13T02:24:36+00:00","dateModified":"2026-02-24T12:02:16+00:00","description":"Sp\u00e9cialiste de la fabrication de boyaux naturels pour saucisses. Qualit\u00e9 et tradition \u00e0 chaque \u00e9tape!\"","breadcrumb":{"@id":"https:\/\/eurotripas.es\/fr\/enterprise\/#breadcrumb"},"inLanguage":"fr-FR","potentialAction":[{"@type":"ReadAction","target":["https:\/\/eurotripas.es\/fr\/enterprise\/"]}]},{"@type":"ImageObject","inLanguage":"fr-FR","@id":"https:\/\/eurotripas.es\/fr\/enterprise\/#primaryimage","url":"https:\/\/eurotripas.es\/wp-content\/uploads\/2023\/02\/empresa1.jpg","contentUrl":"https:\/\/eurotripas.es\/wp-content\/uploads\/2023\/02\/empresa1.jpg"},{"@type":"BreadcrumbList","@id":"https:\/\/eurotripas.es\/fr\/enterprise\/#breadcrumb","itemListElement":[{"@type":"ListItem","position":1,"name":"Portada","item":"https:\/\/eurotripas.es\/fr\/"},{"@type":"ListItem","position":2,"name":"Enterprise"}]},{"@type":"WebSite","@id":"https:\/\/eurotripas.es\/es\/#website","url":"https:\/\/eurotripas.es\/es\/","name":"Eurotripas","description":"Calidad y experiencia","publisher":{"@id":"https:\/\/eurotripas.es\/es\/#organization"},"potentialAction":[{"@type":"SearchAction","target":{"@type":"EntryPoint","urlTemplate":"https:\/\/eurotripas.es\/es\/?s={search_term_string}"},"query-input":{"@type":"PropertyValueSpecification","valueRequired":true,"valueName":"search_term_string"}}],"inLanguage":"fr-FR"},{"@type":"Organization","@id":"https:\/\/eurotripas.es\/es\/#organization","name":"Eurotripas","url":"https:\/\/eurotripas.es\/es\/","logo":{"@type":"ImageObject","inLanguage":"fr-FR","@id":"https:\/\/eurotripas.es\/es\/#\/schema\/logo\/image\/","url":"https:\/\/eurotripas.es\/wp-content\/uploads\/2023\/02\/LOGO-Eurotripas-png.png","contentUrl":"https:\/\/eurotripas.es\/wp-content\/uploads\/2023\/02\/LOGO-Eurotripas-png.png","width":540,"height":266,"caption":"Eurotripas"},"image":{"@id":"https:\/\/eurotripas.es\/es\/#\/schema\/logo\/image\/"}}]}},"_links":{"self":[{"href":"https:\/\/eurotripas.es\/fr\/wp-json\/wp\/v2\/pages\/12813","targetHints":{"allow":["GET"]}}],"collection":[{"href":"https:\/\/eurotripas.es\/fr\/wp-json\/wp\/v2\/pages"}],"about":[{"href":"https:\/\/eurotripas.es\/fr\/wp-json\/wp\/v2\/types\/page"}],"author":[{"embeddable":true,"href":"https:\/\/eurotripas.es\/fr\/wp-json\/wp\/v2\/users\/1"}],"replies":[{"embeddable":true,"href":"https:\/\/eurotripas.es\/fr\/wp-json\/wp\/v2\/comments?post=12813"}],"version-history":[{"count":8,"href":"https:\/\/eurotripas.es\/fr\/wp-json\/wp\/v2\/pages\/12813\/revisions"}],"predecessor-version":[{"id":14584,"href":"https:\/\/eurotripas.es\/fr\/wp-json\/wp\/v2\/pages\/12813\/revisions\/14584"}],"wp:attachment":[{"href":"https:\/\/eurotripas.es\/fr\/wp-json\/wp\/v2\/media?parent=12813"}],"curies":[{"name":"wp","href":"https:\/\/api.w.org\/{rel}","templated":true}]}}