{"id":13208,"date":"2020-06-10T18:10:31","date_gmt":"2020-06-10T18:10:31","guid":{"rendered":"https:\/\/eurotripas.es\/noticias\/"},"modified":"2023-11-27T16:37:32","modified_gmt":"2023-11-27T16:37:32","slug":"informations","status":"publish","type":"page","link":"https:\/\/eurotripas.es\/fr\/informations\/","title":{"rendered":"Informations"},"content":{"rendered":"\t\t<div data-elementor-type=\"wp-page\" data-elementor-id=\"13208\" class=\"elementor elementor-13208 elementor-422\">\n\t\t\t\t\t\t<section class=\"elementor-section elementor-top-section elementor-element elementor-element-9387220 elementor-section-boxed elementor-section-height-default elementor-section-height-default\" data-id=\"9387220\" data-element_type=\"section\">\n\t\t\t\t\t\t<div class=\"elementor-container elementor-column-gap-default\">\n\t\t\t\t\t<div class=\"elementor-column elementor-col-100 elementor-top-column elementor-element elementor-element-401c5f6\" data-id=\"401c5f6\" data-element_type=\"column\">\n\t\t\t<div class=\"elementor-widget-wrap elementor-element-populated\">\n\t\t\t\t\t\t<div class=\"elementor-element elementor-element-e4e4fa6 poket-star-rating--align-center elementor-widget elementor-widget-witr_section_title\" data-id=\"e4e4fa6\" data-element_type=\"widget\" data-widget_type=\"witr_section_title.default\">\n\t\t\t\t<div class=\"elementor-widget-container\">\n\t\t\t\t\t\t\t\t<!-- title center -->\n\t\t\t\t\t<div class=\"witr_section_title\">\n\t\t\t\t\t\t<div class=\"witr_section_title_inner text-center\">\n\n\t\t\t\t\t\t\t<!-- icon position -->\n\t\t\t\t\t\t\t\t\n\t\t\t\t\t\t\t<!-- end icon position -->\n\t\t\t\t\t\t\t\n\t\t\t\t\t\t\n\t\t\t\t\t\t\t<!-- title top -->\n\t\t\t\t\t\t\t\t\t\t\t\t\t\t\t<h2>NOTRE BLOG<\/h2>\t\t\n\t\t\t\t\t\t\t\n\n\t\t\t\t\t\t\t<!-- icon position -->\n\t\t\t\t\t\t\t\t\n\t\t\t\t\t\t\t<!-- end icon position -->\n\n\n\t\t\t\t\t\t\t\n\t\t\t\t\t\t\t<!-- title middle -->\n\t\t\t\t\t\t\t\t\t\t\t\t\t\t\t<h3><h1>Lisez nos derniers articles<\/h1><\/h3>\t\t\n\t\t\t\t\t\t\t\t\t\t\t\t\t\t<!-- title bottom -->\n\t\t\t\t\t\t\t\n\t\t\t\t\t\t\t\n\t\t\t\t\t\t\t\n\t\t\t\t\t\t\t\t\t\t\t\t\t\t\n\t\t\t\t\t\t\t<!-- image -->\n\t\t\t\t\t\t\t\t\t\t\t\t\t\t<!-- icon -->\n\t\t\t\t\t\t\t\t\t\t\t\t\t\t\n\t\t\t\t\t\t\t<!-- bar -->\n\t\t\t\t\t\t\t\t\t\t\t\t\t\t<!-- circle bar -->\n\t\t\t\t\t\t\t\t\t\t\t\t\t\t\n\t\t\t\t\t\t\t\t\n\t\t\t\t\t\t\t\n\n\t\t\t\t\t\t\t\n\t\t\t\t\t\t\t<!-- content -->\n\t\t\t\t\t\t\t\t\t\t\t\t\t\t\n\t\t\t\t\t\t<\/div>\n\t\t\t\t\t\t\t<!-- inner title -->\n\t\t\t\t\t\t\t\t\t\t\t\t\t\n\t\t\t\t\t<\/div>\n\n\t\t\t\t\t\t<\/div>\n\t\t\t\t<\/div>\n\t\t\t\t<div class=\"elementor-element elementor-element-75aa03a elementor-widget elementor-widget-witr_blog_section\" data-id=\"75aa03a\" data-element_type=\"widget\" data-widget_type=\"witr_blog_section.default\">\n\t\t\t\t<div class=\"elementor-widget-container\">\n\t\t\t\t\t\t<!-- Blog Section -->\n\t\t\t<div class=\"witr_blog_area9\">\n\t\t\t\t<div class=\"blog_wrap blogcar_idblog1\">\n\t\t\t\t\t\t\n\t\t\t\t\t\t\t\t\t\t\t\n\t\t\t\t<\/div>\n\t\t\t<\/div>\n\t\t\t<!-- Blog Section -->\t\t\t\t\t\t\t\t\t\t\t\t\n\t\t<script type='text\/javascript'>\n\t\t\tjQuery(function($){\t\t\t\t\n\t\t\t\tvar witrbslick = $('.blogcar_idblog1');\t\t\t\t\n\t\t\t\tif(witrbslick.length > 0){\n\t\t\t\twitrbslick.slick({\n\t\t\t\t\tinfinite: true,\n\t\t\t\t\tautoplay: true,\n\t\t\t\t\tautoplaySpeed: 3000,\n\t\t\t\t\tspeed: 1000,\t\t\t\t\t\n\t\t\t\t\tslidesToShow: 3,\n\t\t\t\t\tslidesToScroll: 1,\n\t\t\t\t\t\t\t\t\t\tarrows: true,\n\t\t\t\t\tdots: false,\n\t\t\t\t\tresponsive: [\n\t\t\t\t\t\t{\n\t\t\t\t\t\t\tbreakpoint: 1200,\n\t\t\t\t\t\t\tsettings: {\n\t\t\t\t\t\t\t\tslidesToShow: 3,\n\t\t\t\t\t\t\t\tslidesToScroll: 1,\n\t\t\t\t\t\t\t}\n\t\t\t\t\t},\n\t\t\t\t\t\t{\n\t\t\t\t\t\t\tbreakpoint: 992,\n\t\t\t\t\t\t\tsettings: {\n\t\t\t\t\t\t\t\tslidesToShow: 2,\n\t\t\t\t\t\t\t\tslidesToScroll: 1,\n\t\t\t\t\t\t\t}\n\t\t\t\t\t},\n\t\t\t\t\t\t{\n\t\t\t\t\t\t\tbreakpoint: 767,\n\t\t\t\t\t\t\tsettings: {\n\t\t\t\t\t\t\t\tslidesToShow: 1,\n\t\t\t\t\t\t\t\tslidesToScroll: 1,\n\t\t\t\t\t\t\t}\n\t\t\t\t\t}\n\t\t\t\t\t]\n\t\t\t\t});\n\t\t\t}\n\n\t\t\t});\n\t\t<\/script>\t\t\t<\/div>\n\t\t\t\t<\/div>\n\t\t\t\t\t<\/div>\n\t\t<\/div>\n\t\t\t\t\t<\/div>\n\t\t<\/section>\n\t\t\t\t<\/div>\n\t\t","protected":false},"excerpt":{"rendered":"<p>NOTRE BLOG Lisez nos derniers articles<\/p>\n","protected":false},"author":1,"featured_media":0,"parent":0,"menu_order":0,"comment_status":"closed","ping_status":"closed","template":"template-home.php","meta":{"footnotes":""},"class_list":["post-13208","page","type-page","status-publish","hentry"],"yoast_head":"<!-- This site is optimized with the Yoast SEO plugin v23.7 - https:\/\/yoast.com\/wordpress\/plugins\/seo\/ -->\n<title>Boyaux pour Saucisses : Nouvelles int\u00e9ressantes du secteur<\/title>\n<meta name=\"description\" content=\"Toutes sortes d&#039;actualit\u00e9s li\u00e9es \u00e0 la s\u00e9lection et \u00e0 la pr\u00e9paration des boyaux naturels dans la production de charcuterie. Qualit\u00e9 garantie!\" \/>\n<meta name=\"robots\" content=\"index, follow, max-snippet:-1, max-image-preview:large, max-video-preview:-1\" \/>\n<link rel=\"canonical\" href=\"https:\/\/eurotripas.es\/fr\/informations\/\" \/>\n<meta property=\"og:locale\" content=\"fr_FR\" \/>\n<meta property=\"og:type\" content=\"article\" \/>\n<meta property=\"og:title\" content=\"Boyaux pour Saucisses : Nouvelles int\u00e9ressantes du secteur\" \/>\n<meta property=\"og:description\" content=\"Toutes sortes d&#039;actualit\u00e9s li\u00e9es \u00e0 la s\u00e9lection et \u00e0 la pr\u00e9paration des boyaux naturels dans la production de charcuterie. Qualit\u00e9 garantie!\" \/>\n<meta property=\"og:url\" content=\"https:\/\/eurotripas.es\/fr\/informations\/\" \/>\n<meta property=\"og:site_name\" content=\"Eurotripas\" \/>\n<meta property=\"article:modified_time\" content=\"2023-11-27T16:37:32+00:00\" \/>\n<meta name=\"twitter:card\" content=\"summary_large_image\" \/>\n<meta name=\"twitter:label1\" content=\"Dur\u00e9e de lecture estim\u00e9e\" \/>\n\t<meta name=\"twitter:data1\" content=\"1 minute\" \/>\n<script type=\"application\/ld+json\" class=\"yoast-schema-graph\">{\"@context\":\"https:\/\/schema.org\",\"@graph\":[{\"@type\":\"WebPage\",\"@id\":\"https:\/\/eurotripas.es\/fr\/informations\/\",\"url\":\"https:\/\/eurotripas.es\/fr\/informations\/\",\"name\":\"Boyaux pour Saucisses : Nouvelles int\u00e9ressantes du secteur\",\"isPartOf\":{\"@id\":\"https:\/\/eurotripas.es\/es\/#website\"},\"datePublished\":\"2020-06-10T18:10:31+00:00\",\"dateModified\":\"2023-11-27T16:37:32+00:00\",\"description\":\"Toutes sortes d'actualit\u00e9s li\u00e9es \u00e0 la s\u00e9lection et \u00e0 la pr\u00e9paration des boyaux naturels dans la production de charcuterie. Qualit\u00e9 garantie!\",\"breadcrumb\":{\"@id\":\"https:\/\/eurotripas.es\/fr\/informations\/#breadcrumb\"},\"inLanguage\":\"fr-FR\",\"potentialAction\":[{\"@type\":\"ReadAction\",\"target\":[\"https:\/\/eurotripas.es\/fr\/informations\/\"]}]},{\"@type\":\"BreadcrumbList\",\"@id\":\"https:\/\/eurotripas.es\/fr\/informations\/#breadcrumb\",\"itemListElement\":[{\"@type\":\"ListItem\",\"position\":1,\"name\":\"Portada\",\"item\":\"https:\/\/eurotripas.es\/fr\/\"},{\"@type\":\"ListItem\",\"position\":2,\"name\":\"Informations\"}]},{\"@type\":\"WebSite\",\"@id\":\"https:\/\/eurotripas.es\/es\/#website\",\"url\":\"https:\/\/eurotripas.es\/es\/\",\"name\":\"Eurotripas\",\"description\":\"Calidad y experiencia\",\"publisher\":{\"@id\":\"https:\/\/eurotripas.es\/es\/#organization\"},\"potentialAction\":[{\"@type\":\"SearchAction\",\"target\":{\"@type\":\"EntryPoint\",\"urlTemplate\":\"https:\/\/eurotripas.es\/es\/?s={search_term_string}\"},\"query-input\":{\"@type\":\"PropertyValueSpecification\",\"valueRequired\":true,\"valueName\":\"search_term_string\"}}],\"inLanguage\":\"fr-FR\"},{\"@type\":\"Organization\",\"@id\":\"https:\/\/eurotripas.es\/es\/#organization\",\"name\":\"Eurotripas\",\"url\":\"https:\/\/eurotripas.es\/es\/\",\"logo\":{\"@type\":\"ImageObject\",\"inLanguage\":\"fr-FR\",\"@id\":\"https:\/\/eurotripas.es\/es\/#\/schema\/logo\/image\/\",\"url\":\"https:\/\/eurotripas.es\/wp-content\/uploads\/2023\/02\/LOGO-Eurotripas-png.png\",\"contentUrl\":\"https:\/\/eurotripas.es\/wp-content\/uploads\/2023\/02\/LOGO-Eurotripas-png.png\",\"width\":540,\"height\":266,\"caption\":\"Eurotripas\"},\"image\":{\"@id\":\"https:\/\/eurotripas.es\/es\/#\/schema\/logo\/image\/\"}}]}<\/script>\n<!-- \/ Yoast SEO plugin. -->","yoast_head_json":{"title":"Boyaux pour Saucisses : Nouvelles int\u00e9ressantes du secteur","description":"Toutes sortes d'actualit\u00e9s li\u00e9es \u00e0 la s\u00e9lection et \u00e0 la pr\u00e9paration des boyaux naturels dans la production de charcuterie. Qualit\u00e9 garantie!","robots":{"index":"index","follow":"follow","max-snippet":"max-snippet:-1","max-image-preview":"max-image-preview:large","max-video-preview":"max-video-preview:-1"},"canonical":"https:\/\/eurotripas.es\/fr\/informations\/","og_locale":"fr_FR","og_type":"article","og_title":"Boyaux pour Saucisses : Nouvelles int\u00e9ressantes du secteur","og_description":"Toutes sortes d'actualit\u00e9s li\u00e9es \u00e0 la s\u00e9lection et \u00e0 la pr\u00e9paration des boyaux naturels dans la production de charcuterie. Qualit\u00e9 garantie!","og_url":"https:\/\/eurotripas.es\/fr\/informations\/","og_site_name":"Eurotripas","article_modified_time":"2023-11-27T16:37:32+00:00","twitter_card":"summary_large_image","twitter_misc":{"Dur\u00e9e de lecture estim\u00e9e":"1 minute"},"schema":{"@context":"https:\/\/schema.org","@graph":[{"@type":"WebPage","@id":"https:\/\/eurotripas.es\/fr\/informations\/","url":"https:\/\/eurotripas.es\/fr\/informations\/","name":"Boyaux pour Saucisses : Nouvelles int\u00e9ressantes du secteur","isPartOf":{"@id":"https:\/\/eurotripas.es\/es\/#website"},"datePublished":"2020-06-10T18:10:31+00:00","dateModified":"2023-11-27T16:37:32+00:00","description":"Toutes sortes d'actualit\u00e9s li\u00e9es \u00e0 la s\u00e9lection et \u00e0 la pr\u00e9paration des boyaux naturels dans la production de charcuterie. Qualit\u00e9 garantie!","breadcrumb":{"@id":"https:\/\/eurotripas.es\/fr\/informations\/#breadcrumb"},"inLanguage":"fr-FR","potentialAction":[{"@type":"ReadAction","target":["https:\/\/eurotripas.es\/fr\/informations\/"]}]},{"@type":"BreadcrumbList","@id":"https:\/\/eurotripas.es\/fr\/informations\/#breadcrumb","itemListElement":[{"@type":"ListItem","position":1,"name":"Portada","item":"https:\/\/eurotripas.es\/fr\/"},{"@type":"ListItem","position":2,"name":"Informations"}]},{"@type":"WebSite","@id":"https:\/\/eurotripas.es\/es\/#website","url":"https:\/\/eurotripas.es\/es\/","name":"Eurotripas","description":"Calidad y experiencia","publisher":{"@id":"https:\/\/eurotripas.es\/es\/#organization"},"potentialAction":[{"@type":"SearchAction","target":{"@type":"EntryPoint","urlTemplate":"https:\/\/eurotripas.es\/es\/?s={search_term_string}"},"query-input":{"@type":"PropertyValueSpecification","valueRequired":true,"valueName":"search_term_string"}}],"inLanguage":"fr-FR"},{"@type":"Organization","@id":"https:\/\/eurotripas.es\/es\/#organization","name":"Eurotripas","url":"https:\/\/eurotripas.es\/es\/","logo":{"@type":"ImageObject","inLanguage":"fr-FR","@id":"https:\/\/eurotripas.es\/es\/#\/schema\/logo\/image\/","url":"https:\/\/eurotripas.es\/wp-content\/uploads\/2023\/02\/LOGO-Eurotripas-png.png","contentUrl":"https:\/\/eurotripas.es\/wp-content\/uploads\/2023\/02\/LOGO-Eurotripas-png.png","width":540,"height":266,"caption":"Eurotripas"},"image":{"@id":"https:\/\/eurotripas.es\/es\/#\/schema\/logo\/image\/"}}]}},"_links":{"self":[{"href":"https:\/\/eurotripas.es\/fr\/wp-json\/wp\/v2\/pages\/13208","targetHints":{"allow":["GET"]}}],"collection":[{"href":"https:\/\/eurotripas.es\/fr\/wp-json\/wp\/v2\/pages"}],"about":[{"href":"https:\/\/eurotripas.es\/fr\/wp-json\/wp\/v2\/types\/page"}],"author":[{"embeddable":true,"href":"https:\/\/eurotripas.es\/fr\/wp-json\/wp\/v2\/users\/1"}],"replies":[{"embeddable":true,"href":"https:\/\/eurotripas.es\/fr\/wp-json\/wp\/v2\/comments?post=13208"}],"version-history":[{"count":13,"href":"https:\/\/eurotripas.es\/fr\/wp-json\/wp\/v2\/pages\/13208\/revisions"}],"predecessor-version":[{"id":14225,"href":"https:\/\/eurotripas.es\/fr\/wp-json\/wp\/v2\/pages\/13208\/revisions\/14225"}],"wp:attachment":[{"href":"https:\/\/eurotripas.es\/fr\/wp-json\/wp\/v2\/media?parent=13208"}],"curies":[{"name":"wp","href":"https:\/\/api.w.org\/{rel}","templated":true}]}}