{"id":13352,"date":"2020-11-12T06:34:48","date_gmt":"2020-11-12T06:34:48","guid":{"rendered":"https:\/\/eurotripas.es\/cochon\/"},"modified":"2023-11-27T17:04:53","modified_gmt":"2023-11-27T17:04:53","slug":"porc","status":"publish","type":"page","link":"https:\/\/eurotripas.es\/fr\/porc\/","title":{"rendered":"Porc"},"content":{"rendered":"\t\t<div data-elementor-type=\"wp-page\" data-elementor-id=\"13352\" class=\"elementor elementor-13352 elementor-3262\">\n\t\t\t\t\t\t<section class=\"elementor-section elementor-top-section elementor-element elementor-element-7db1d6e elementor-section-boxed elementor-section-height-default elementor-section-height-default\" data-id=\"7db1d6e\" data-element_type=\"section\">\n\t\t\t\t\t\t<div class=\"elementor-container elementor-column-gap-default\">\n\t\t\t\t\t<div class=\"elementor-column elementor-col-100 elementor-top-column elementor-element elementor-element-fba12a6\" data-id=\"fba12a6\" data-element_type=\"column\">\n\t\t\t<div class=\"elementor-widget-wrap elementor-element-populated\">\n\t\t\t\t\t\t<div class=\"elementor-element elementor-element-2c92b77 elementor-widget elementor-widget-heading\" data-id=\"2c92b77\" data-element_type=\"widget\" data-widget_type=\"heading.default\">\n\t\t\t\t<div class=\"elementor-widget-container\">\n\t\t\t<h1 class=\"elementor-heading-title elementor-size-default\">PORC<\/h1>\t\t<\/div>\n\t\t\t\t<\/div>\n\t\t\t\t<div class=\"elementor-element elementor-element-3ef50a8 poket-star-rating--align-center elementor-widget elementor-widget-witr_section_title\" data-id=\"3ef50a8\" data-element_type=\"widget\" data-widget_type=\"witr_section_title.default\">\n\t\t\t\t<div class=\"elementor-widget-container\">\n\t\t\t\t\t\t\t\t<!-- title left -->\n\t\t\t\t\t<div class=\"witr_section_title\">\n\t\t\t\t\t\t<div class=\"witr_section_title_inner text-left\">\n\t\t\t\t\t\t\n\t\t\t\t\t\t\t<!-- icon position -->\n\t\t\t\t\t\t\t\t\n\t\t\t\t\t\t\t<!-- end icon position -->\n\t\t\t\t\t\t\n\t\t\t\t\t\t\n\t\t\t\t\t\t\t<!-- title top -->\n\t\t\t\t\t\t\t\n\t\t\t\t\t\t\t<!-- icon position -->\n\t\t\t\t\t\t\t\t\n\t\t\t\t\t\t\t<!-- end icon position -->\n\n\t\t\t\t\t\t\t\n\t\t\t\t\t\t\t<!-- title middle -->\n\t\t\t\t\t\t\t\t\t\t\t\t\t\t<!-- title bottom -->\n\t\t\t\t\t\t\t\t\t\t\t\t\t\t\n\t\t\t\t\t\t\t<!-- icon position -->\n\t\t\t\t\t\t\t\t\t\t\t\t\t\t\n\t\t\t\t\t\t\t<!-- image -->\n\t\t\t\t\t\t\t\t\t\t\t\t\t\t<!-- icon -->\n\t\t\t\t\t\t\t\t\t\t\t\t\t\t\n\t\t\t\t\t\t\t<!-- bar -->\n\t\t\t\t\t\t\t\t\t\t\t\t\t\t<!-- circle bar -->\n\t\t\t\t\t\t\t\t\t\t\t\t\t\t\n\t\t\t\t\t\t\t\t\n\t\t\t\t\t\t\t<!-- end icon position -->\n\n\t\t\t\t\t\t\t<!-- content -->\n\t\t\t\t\t\t\t\t\t\t\t\t\t\t\t<p>Tripe obtenu \u00e0 partir de l'intestin gr\u00eale de porc dans ses diff\u00e9rentes gauges, tubes sal\u00e9s o\u00f9 tubing:<\/br>\n <\/p>\t\t\n\t\t\t\t\t\t\t\t\t\t\t\t\t<\/div>\n\t\t\t\t\t\t\t<!-- inner title -->\n\t\t\t\t\t\t\t\t\t\t\t\t\t\n\t\t\t\t\t<\/div>\t\t\t\t\n\t\t\t\t\t\t<\/div>\n\t\t\t\t<\/div>\n\t\t\t\t<div class=\"elementor-element elementor-element-f9702b7 elementor-widget elementor-widget-text-editor\" data-id=\"f9702b7\" data-element_type=\"widget\" data-widget_type=\"text-editor.default\">\n\t\t\t\t<div class=\"elementor-widget-container\">\n\t\t\t\t\t\t\t<ul style=\"list-style-type:disc;\">\n  <li>28\/30<\/li>\n  <li>30\/32<\/li>\n  <li>32\/34<\/li>\n  <li>32\/34<\/li>\n  <li>34\/36<\/li>\n  <li>38\/40<\/li>\n  <li>40\/42<\/li>\n  <li>42\/44<\/li>\n  <li>44\/46<\/li>\n  <li>46\/+<\/li>\n\n<\/ul>\t\t\t\t\t\t<\/div>\n\t\t\t\t<\/div>\n\t\t\t\t<div class=\"elementor-element elementor-element-18e4fbe elementor-widget elementor-widget-text-editor\" data-id=\"18e4fbe\" data-element_type=\"widget\" data-widget_type=\"text-editor.default\">\n\t\t\t\t<div class=\"elementor-widget-container\">\n\t\t\t\t\t\t\t<ul style=\"list-style-type: circle;\">\n \t<li>Aveugle<\/li>\n \t<li>Culares<\/li>\n \t<li>S\u00e9minaire<\/li>\n \t<li>Nerf et graisse<\/li>\n \t<li>Semi-fris\u00e9s<\/li>\n \t<li>Vessies<\/li>\n<\/ul>\n\n\n\n\n\n\n\t\t\t\t\t\t<\/div>\n\t\t\t\t<\/div>\n\t\t\t\t<div class=\"elementor-element elementor-element-0a48c39 poket-star-rating--align-center elementor-widget elementor-widget-witr_section_title\" data-id=\"0a48c39\" data-element_type=\"widget\" data-widget_type=\"witr_section_title.default\">\n\t\t\t\t<div class=\"elementor-widget-container\">\n\t\t\t\t\t\t\t\t<!-- title left -->\n\t\t\t\t\t<div class=\"witr_section_title\">\n\t\t\t\t\t\t<div class=\"witr_section_title_inner text-left\">\n\t\t\t\t\t\t\n\t\t\t\t\t\t\t<!-- icon position -->\n\t\t\t\t\t\t\t\t\n\t\t\t\t\t\t\t<!-- end icon position -->\n\t\t\t\t\t\t\n\t\t\t\t\t\t\n\t\t\t\t\t\t\t<!-- title top -->\n\t\t\t\t\t\t\t\n\t\t\t\t\t\t\t<!-- icon position -->\n\t\t\t\t\t\t\t\t\t\t\t\t\t\t\n\t\t\t\t\t\t\t<!-- image -->\n\t\t\t\t\t\t\t\t\t\t\t\t\t\t<!-- icon -->\n\t\t\t\t\t\t\t\t\t\t\t\t\t\t\n\t\t\t\t\t\t\t<!-- bar -->\n\t\t\t\t\t\t\t\t\t\t\t\t\t\t<!-- circle bar -->\n\t\t\t\t\t\t\t\t\t\t\t\t\t\t\n\t\t\t\t\t\t\t\t\n\t\t\t\t\t\t\t<!-- end icon position -->\n\n\t\t\t\t\t\t\t\n\t\t\t\t\t\t\t<!-- title middle -->\n\t\t\t\t\t\t\t\t\t\t\t\t\t\t\t<h3>GALERIE<\/h3>\t\t\n\t\t\t\t\t\t\t\t\t\t\t\t\t\t<!-- title bottom -->\n\t\t\t\t\t\t\t\t\t\t\t\t\t\t\n\t\t\t\t\t\t\t<!-- icon position -->\n\t\t\t\t\t\t\t\t\n\t\t\t\t\t\t\t<!-- end icon position -->\n\n\t\t\t\t\t\t\t<!-- content -->\n\t\t\t\t\t\t\t\t\t\t\t\t\t<\/div>\n\t\t\t\t\t\t\t<!-- inner title -->\n\t\t\t\t\t\t\t\t\t\t\t\t\t\n\t\t\t\t\t<\/div>\t\t\t\t\n\t\t\t\t\t\t<\/div>\n\t\t\t\t<\/div>\n\t\t\t\t<div class=\"elementor-element elementor-element-f5d9241 elementor-widget elementor-widget-image-gallery\" data-id=\"f5d9241\" data-element_type=\"widget\" data-widget_type=\"image-gallery.default\">\n\t\t\t\t<div class=\"elementor-widget-container\">\n\t\t\t\t\t<div class=\"elementor-image-gallery\">\n\t\t\t<div id='gallery-1' class='gallery galleryid-13352 gallery-columns-3 gallery-size-medium_large'><figure class='gallery-item'>\n\t\t\t<div class='gallery-icon portrait'>\n\t\t\t\t<a data-elementor-open-lightbox=\"yes\" data-elementor-lightbox-slideshow=\"f5d9241\" data-elementor-lightbox-title=\"cerdo2\" data-e-action-hash=\"#elementor-action%3Aaction%3Dlightbox%26settings%3DeyJpZCI6MTQwNjgsInVybCI6Imh0dHBzOlwvXC9ldXJvdHJpcGFzLmVzXC93cC1jb250ZW50XC91cGxvYWRzXC8yMDIzXC8wNVwvY2VyZG8yLTEuanBnIiwic2xpZGVzaG93IjoiZjVkOTI0MSJ9\" href='https:\/\/eurotripas.es\/wp-content\/uploads\/2023\/05\/cerdo2-1.jpg'><img fetchpriority=\"high\" decoding=\"async\" width=\"768\" height=\"1108\" src=\"https:\/\/eurotripas.es\/wp-content\/uploads\/2023\/05\/cerdo2-1-768x1108.jpg\" class=\"attachment-medium_large size-medium_large\" alt=\"\" srcset=\"https:\/\/eurotripas.es\/wp-content\/uploads\/2023\/05\/cerdo2-1-768x1108.jpg 768w, https:\/\/eurotripas.es\/wp-content\/uploads\/2023\/05\/cerdo2-1-208x300.jpg 208w, https:\/\/eurotripas.es\/wp-content\/uploads\/2023\/05\/cerdo2-1-710x1024.jpg 710w, https:\/\/eurotripas.es\/wp-content\/uploads\/2023\/05\/cerdo2-1.jpg 846w\" sizes=\"(max-width: 768px) 100vw, 768px\" \/><\/a>\n\t\t\t<\/div><\/figure><figure class='gallery-item'>\n\t\t\t<div class='gallery-icon portrait'>\n\t\t\t\t<a data-elementor-open-lightbox=\"yes\" data-elementor-lightbox-slideshow=\"f5d9241\" data-elementor-lightbox-title=\"cerdo3\" data-e-action-hash=\"#elementor-action%3Aaction%3Dlightbox%26settings%3DeyJpZCI6MTQwNjQsInVybCI6Imh0dHBzOlwvXC9ldXJvdHJpcGFzLmVzXC93cC1jb250ZW50XC91cGxvYWRzXC8yMDIzXC8wNVwvY2VyZG8zLTEuanBnIiwic2xpZGVzaG93IjoiZjVkOTI0MSJ9\" href='https:\/\/eurotripas.es\/wp-content\/uploads\/2023\/05\/cerdo3-1.jpg'><img decoding=\"async\" width=\"768\" height=\"1108\" src=\"https:\/\/eurotripas.es\/wp-content\/uploads\/2023\/05\/cerdo3-1-768x1108.jpg\" class=\"attachment-medium_large size-medium_large\" alt=\"\" srcset=\"https:\/\/eurotripas.es\/wp-content\/uploads\/2023\/05\/cerdo3-1-768x1108.jpg 768w, https:\/\/eurotripas.es\/wp-content\/uploads\/2023\/05\/cerdo3-1-208x300.jpg 208w, https:\/\/eurotripas.es\/wp-content\/uploads\/2023\/05\/cerdo3-1-710x1024.jpg 710w, https:\/\/eurotripas.es\/wp-content\/uploads\/2023\/05\/cerdo3-1.jpg 846w\" sizes=\"(max-width: 768px) 100vw, 768px\" \/><\/a>\n\t\t\t<\/div><\/figure><figure class='gallery-item'>\n\t\t\t<div class='gallery-icon portrait'>\n\t\t\t\t<a data-elementor-open-lightbox=\"yes\" data-elementor-lightbox-slideshow=\"f5d9241\" data-elementor-lightbox-title=\"cerdo4\" data-e-action-hash=\"#elementor-action%3Aaction%3Dlightbox%26settings%3DeyJpZCI6MTQwNjAsInVybCI6Imh0dHBzOlwvXC9ldXJvdHJpcGFzLmVzXC93cC1jb250ZW50XC91cGxvYWRzXC8yMDIzXC8wNVwvY2VyZG80LmpwZyIsInNsaWRlc2hvdyI6ImY1ZDkyNDEifQ%3D%3D\" href='https:\/\/eurotripas.es\/wp-content\/uploads\/2023\/05\/cerdo4.jpg'><img decoding=\"async\" width=\"768\" height=\"1108\" src=\"https:\/\/eurotripas.es\/wp-content\/uploads\/2023\/05\/cerdo4-768x1108.jpg\" class=\"attachment-medium_large size-medium_large\" alt=\"\" srcset=\"https:\/\/eurotripas.es\/wp-content\/uploads\/2023\/05\/cerdo4-768x1108.jpg 768w, https:\/\/eurotripas.es\/wp-content\/uploads\/2023\/05\/cerdo4-208x300.jpg 208w, https:\/\/eurotripas.es\/wp-content\/uploads\/2023\/05\/cerdo4-710x1024.jpg 710w, https:\/\/eurotripas.es\/wp-content\/uploads\/2023\/05\/cerdo4.jpg 846w\" sizes=\"(max-width: 768px) 100vw, 768px\" \/><\/a>\n\t\t\t<\/div><\/figure><figure class='gallery-item'>\n\t\t\t<div class='gallery-icon landscape'>\n\t\t\t\t<a data-elementor-open-lightbox=\"yes\" data-elementor-lightbox-slideshow=\"f5d9241\" data-elementor-lightbox-title=\"cerdo1\" data-e-action-hash=\"#elementor-action%3Aaction%3Dlightbox%26settings%3DeyJpZCI6MTQwNzIsInVybCI6Imh0dHBzOlwvXC9ldXJvdHJpcGFzLmVzXC93cC1jb250ZW50XC91cGxvYWRzXC8yMDIzXC8wNVwvY2VyZG8xLmpwZyIsInNsaWRlc2hvdyI6ImY1ZDkyNDEifQ%3D%3D\" href='https:\/\/eurotripas.es\/wp-content\/uploads\/2023\/05\/cerdo1.jpg'><img loading=\"lazy\" decoding=\"async\" width=\"768\" height=\"533\" src=\"https:\/\/eurotripas.es\/wp-content\/uploads\/2023\/05\/cerdo1-768x533.jpg\" class=\"attachment-medium_large size-medium_large\" alt=\"\" srcset=\"https:\/\/eurotripas.es\/wp-content\/uploads\/2023\/05\/cerdo1-768x533.jpg 768w, https:\/\/eurotripas.es\/wp-content\/uploads\/2023\/05\/cerdo1-300x208.jpg 300w, https:\/\/eurotripas.es\/wp-content\/uploads\/2023\/05\/cerdo1-1024x710.jpg 1024w, https:\/\/eurotripas.es\/wp-content\/uploads\/2023\/05\/cerdo1.jpg 1220w\" sizes=\"(max-width: 768px) 100vw, 768px\" \/><\/a>\n\t\t\t<\/div><\/figure>\n\t\t<\/div>\n\t\t<\/div>\n\t\t\t\t<\/div>\n\t\t\t\t<\/div>\n\t\t\t\t\t<\/div>\n\t\t<\/div>\n\t\t\t\t\t<\/div>\n\t\t<\/section>\n\t\t\t\t<\/div>\n\t\t","protected":false},"excerpt":{"rendered":"<p>PORC Tripe obtenu \u00e0 partir de l&#8217;intestin gr\u00eale de porc dans ses diff\u00e9rentes gauges, tubes sal\u00e9s o\u00f9 tubing: 28\/30 30\/32 32\/34 32\/34 34\/36 38\/40 40\/42 42\/44 44\/46 46\/+ Aveugle Culares S\u00e9minaire Nerf et graisse Semi-fris\u00e9s Vessies GALERIE<\/p>\n","protected":false},"author":1,"featured_media":0,"parent":0,"menu_order":0,"comment_status":"closed","ping_status":"closed","template":"template-home.php","meta":{"footnotes":""},"class_list":["post-13352","page","type-page","status-publish","hentry"],"yoast_head":"<!-- This site is optimized with the Yoast SEO plugin v23.7 - https:\/\/yoast.com\/wordpress\/plugins\/seo\/ -->\n<title>Porc - Eurotripas<\/title>\n<meta name=\"robots\" content=\"index, follow, max-snippet:-1, max-image-preview:large, max-video-preview:-1\" \/>\n<link rel=\"canonical\" href=\"https:\/\/eurotripas.es\/fr\/porc\/\" \/>\n<meta property=\"og:locale\" content=\"fr_FR\" \/>\n<meta property=\"og:type\" content=\"article\" \/>\n<meta property=\"og:title\" content=\"Porc - Eurotripas\" \/>\n<meta property=\"og:description\" content=\"PORC Tripe obtenu \u00e0 partir de l&#8217;intestin gr\u00eale de porc dans ses diff\u00e9rentes gauges, tubes sal\u00e9s o\u00f9 tubing: 28\/30 30\/32 32\/34 32\/34 34\/36 38\/40 40\/42 42\/44 44\/46 46\/+ Aveugle Culares S\u00e9minaire Nerf et graisse Semi-fris\u00e9s Vessies GALERIE\" \/>\n<meta property=\"og:url\" content=\"https:\/\/eurotripas.es\/fr\/porc\/\" \/>\n<meta property=\"og:site_name\" content=\"Eurotripas\" \/>\n<meta property=\"article:modified_time\" content=\"2023-11-27T17:04:53+00:00\" \/>\n<meta property=\"og:image\" content=\"https:\/\/eurotripas.es\/wp-content\/uploads\/2023\/05\/cerdo2-1-768x1108.jpg\" \/>\n<meta name=\"twitter:card\" content=\"summary_large_image\" \/>\n<meta name=\"twitter:label1\" content=\"Dur\u00e9e de lecture estim\u00e9e\" \/>\n\t<meta name=\"twitter:data1\" content=\"1 minute\" \/>\n<script type=\"application\/ld+json\" class=\"yoast-schema-graph\">{\"@context\":\"https:\/\/schema.org\",\"@graph\":[{\"@type\":\"WebPage\",\"@id\":\"https:\/\/eurotripas.es\/fr\/porc\/\",\"url\":\"https:\/\/eurotripas.es\/fr\/porc\/\",\"name\":\"Porc - Eurotripas\",\"isPartOf\":{\"@id\":\"https:\/\/eurotripas.es\/es\/#website\"},\"primaryImageOfPage\":{\"@id\":\"https:\/\/eurotripas.es\/fr\/porc\/#primaryimage\"},\"image\":{\"@id\":\"https:\/\/eurotripas.es\/fr\/porc\/#primaryimage\"},\"thumbnailUrl\":\"https:\/\/eurotripas.es\/wp-content\/uploads\/2023\/05\/cerdo2-1-768x1108.jpg\",\"datePublished\":\"2020-11-12T06:34:48+00:00\",\"dateModified\":\"2023-11-27T17:04:53+00:00\",\"breadcrumb\":{\"@id\":\"https:\/\/eurotripas.es\/fr\/porc\/#breadcrumb\"},\"inLanguage\":\"fr-FR\",\"potentialAction\":[{\"@type\":\"ReadAction\",\"target\":[\"https:\/\/eurotripas.es\/fr\/porc\/\"]}]},{\"@type\":\"ImageObject\",\"inLanguage\":\"fr-FR\",\"@id\":\"https:\/\/eurotripas.es\/fr\/porc\/#primaryimage\",\"url\":\"https:\/\/eurotripas.es\/wp-content\/uploads\/2023\/05\/cerdo2-1-768x1108.jpg\",\"contentUrl\":\"https:\/\/eurotripas.es\/wp-content\/uploads\/2023\/05\/cerdo2-1-768x1108.jpg\"},{\"@type\":\"BreadcrumbList\",\"@id\":\"https:\/\/eurotripas.es\/fr\/porc\/#breadcrumb\",\"itemListElement\":[{\"@type\":\"ListItem\",\"position\":1,\"name\":\"Portada\",\"item\":\"https:\/\/eurotripas.es\/fr\/\"},{\"@type\":\"ListItem\",\"position\":2,\"name\":\"Porc\"}]},{\"@type\":\"WebSite\",\"@id\":\"https:\/\/eurotripas.es\/es\/#website\",\"url\":\"https:\/\/eurotripas.es\/es\/\",\"name\":\"Eurotripas\",\"description\":\"Calidad y experiencia\",\"publisher\":{\"@id\":\"https:\/\/eurotripas.es\/es\/#organization\"},\"potentialAction\":[{\"@type\":\"SearchAction\",\"target\":{\"@type\":\"EntryPoint\",\"urlTemplate\":\"https:\/\/eurotripas.es\/es\/?s={search_term_string}\"},\"query-input\":{\"@type\":\"PropertyValueSpecification\",\"valueRequired\":true,\"valueName\":\"search_term_string\"}}],\"inLanguage\":\"fr-FR\"},{\"@type\":\"Organization\",\"@id\":\"https:\/\/eurotripas.es\/es\/#organization\",\"name\":\"Eurotripas\",\"url\":\"https:\/\/eurotripas.es\/es\/\",\"logo\":{\"@type\":\"ImageObject\",\"inLanguage\":\"fr-FR\",\"@id\":\"https:\/\/eurotripas.es\/es\/#\/schema\/logo\/image\/\",\"url\":\"https:\/\/eurotripas.es\/wp-content\/uploads\/2023\/02\/LOGO-Eurotripas-png.png\",\"contentUrl\":\"https:\/\/eurotripas.es\/wp-content\/uploads\/2023\/02\/LOGO-Eurotripas-png.png\",\"width\":540,\"height\":266,\"caption\":\"Eurotripas\"},\"image\":{\"@id\":\"https:\/\/eurotripas.es\/es\/#\/schema\/logo\/image\/\"}}]}<\/script>\n<!-- \/ Yoast SEO plugin. -->","yoast_head_json":{"title":"Porc - Eurotripas","robots":{"index":"index","follow":"follow","max-snippet":"max-snippet:-1","max-image-preview":"max-image-preview:large","max-video-preview":"max-video-preview:-1"},"canonical":"https:\/\/eurotripas.es\/fr\/porc\/","og_locale":"fr_FR","og_type":"article","og_title":"Porc - Eurotripas","og_description":"PORC Tripe obtenu \u00e0 partir de l&#8217;intestin gr\u00eale de porc dans ses diff\u00e9rentes gauges, tubes sal\u00e9s o\u00f9 tubing: 28\/30 30\/32 32\/34 32\/34 34\/36 38\/40 40\/42 42\/44 44\/46 46\/+ Aveugle Culares S\u00e9minaire Nerf et graisse Semi-fris\u00e9s Vessies GALERIE","og_url":"https:\/\/eurotripas.es\/fr\/porc\/","og_site_name":"Eurotripas","article_modified_time":"2023-11-27T17:04:53+00:00","og_image":[{"url":"https:\/\/eurotripas.es\/wp-content\/uploads\/2023\/05\/cerdo2-1-768x1108.jpg"}],"twitter_card":"summary_large_image","twitter_misc":{"Dur\u00e9e de lecture estim\u00e9e":"1 minute"},"schema":{"@context":"https:\/\/schema.org","@graph":[{"@type":"WebPage","@id":"https:\/\/eurotripas.es\/fr\/porc\/","url":"https:\/\/eurotripas.es\/fr\/porc\/","name":"Porc - Eurotripas","isPartOf":{"@id":"https:\/\/eurotripas.es\/es\/#website"},"primaryImageOfPage":{"@id":"https:\/\/eurotripas.es\/fr\/porc\/#primaryimage"},"image":{"@id":"https:\/\/eurotripas.es\/fr\/porc\/#primaryimage"},"thumbnailUrl":"https:\/\/eurotripas.es\/wp-content\/uploads\/2023\/05\/cerdo2-1-768x1108.jpg","datePublished":"2020-11-12T06:34:48+00:00","dateModified":"2023-11-27T17:04:53+00:00","breadcrumb":{"@id":"https:\/\/eurotripas.es\/fr\/porc\/#breadcrumb"},"inLanguage":"fr-FR","potentialAction":[{"@type":"ReadAction","target":["https:\/\/eurotripas.es\/fr\/porc\/"]}]},{"@type":"ImageObject","inLanguage":"fr-FR","@id":"https:\/\/eurotripas.es\/fr\/porc\/#primaryimage","url":"https:\/\/eurotripas.es\/wp-content\/uploads\/2023\/05\/cerdo2-1-768x1108.jpg","contentUrl":"https:\/\/eurotripas.es\/wp-content\/uploads\/2023\/05\/cerdo2-1-768x1108.jpg"},{"@type":"BreadcrumbList","@id":"https:\/\/eurotripas.es\/fr\/porc\/#breadcrumb","itemListElement":[{"@type":"ListItem","position":1,"name":"Portada","item":"https:\/\/eurotripas.es\/fr\/"},{"@type":"ListItem","position":2,"name":"Porc"}]},{"@type":"WebSite","@id":"https:\/\/eurotripas.es\/es\/#website","url":"https:\/\/eurotripas.es\/es\/","name":"Eurotripas","description":"Calidad y experiencia","publisher":{"@id":"https:\/\/eurotripas.es\/es\/#organization"},"potentialAction":[{"@type":"SearchAction","target":{"@type":"EntryPoint","urlTemplate":"https:\/\/eurotripas.es\/es\/?s={search_term_string}"},"query-input":{"@type":"PropertyValueSpecification","valueRequired":true,"valueName":"search_term_string"}}],"inLanguage":"fr-FR"},{"@type":"Organization","@id":"https:\/\/eurotripas.es\/es\/#organization","name":"Eurotripas","url":"https:\/\/eurotripas.es\/es\/","logo":{"@type":"ImageObject","inLanguage":"fr-FR","@id":"https:\/\/eurotripas.es\/es\/#\/schema\/logo\/image\/","url":"https:\/\/eurotripas.es\/wp-content\/uploads\/2023\/02\/LOGO-Eurotripas-png.png","contentUrl":"https:\/\/eurotripas.es\/wp-content\/uploads\/2023\/02\/LOGO-Eurotripas-png.png","width":540,"height":266,"caption":"Eurotripas"},"image":{"@id":"https:\/\/eurotripas.es\/es\/#\/schema\/logo\/image\/"}}]}},"_links":{"self":[{"href":"https:\/\/eurotripas.es\/fr\/wp-json\/wp\/v2\/pages\/13352","targetHints":{"allow":["GET"]}}],"collection":[{"href":"https:\/\/eurotripas.es\/fr\/wp-json\/wp\/v2\/pages"}],"about":[{"href":"https:\/\/eurotripas.es\/fr\/wp-json\/wp\/v2\/types\/page"}],"author":[{"embeddable":true,"href":"https:\/\/eurotripas.es\/fr\/wp-json\/wp\/v2\/users\/1"}],"replies":[{"embeddable":true,"href":"https:\/\/eurotripas.es\/fr\/wp-json\/wp\/v2\/comments?post=13352"}],"version-history":[{"count":28,"href":"https:\/\/eurotripas.es\/fr\/wp-json\/wp\/v2\/pages\/13352\/revisions"}],"predecessor-version":[{"id":14303,"href":"https:\/\/eurotripas.es\/fr\/wp-json\/wp\/v2\/pages\/13352\/revisions\/14303"}],"wp:attachment":[{"href":"https:\/\/eurotripas.es\/fr\/wp-json\/wp\/v2\/media?parent=13352"}],"curies":[{"name":"wp","href":"https:\/\/api.w.org\/{rel}","templated":true}]}}