{"id":14021,"date":"2023-05-04T09:39:03","date_gmt":"2023-05-04T09:39:03","guid":{"rendered":"https:\/\/eurotripas.es\/vacuno\/"},"modified":"2023-11-27T17:06:13","modified_gmt":"2023-11-27T17:06:13","slug":"bovine","status":"publish","type":"page","link":"https:\/\/eurotripas.es\/fr\/bovine\/","title":{"rendered":"Bovine"},"content":{"rendered":"\t\t<div data-elementor-type=\"wp-page\" data-elementor-id=\"14021\" class=\"elementor elementor-14021 elementor-14005\">\n\t\t\t\t\t\t<section class=\"elementor-section elementor-top-section elementor-element elementor-element-7db1d6e elementor-section-boxed elementor-section-height-default elementor-section-height-default\" data-id=\"7db1d6e\" data-element_type=\"section\">\n\t\t\t\t\t\t<div class=\"elementor-container elementor-column-gap-default\">\n\t\t\t\t\t<div class=\"elementor-column elementor-col-100 elementor-top-column elementor-element elementor-element-fba12a6\" data-id=\"fba12a6\" data-element_type=\"column\">\n\t\t\t<div class=\"elementor-widget-wrap elementor-element-populated\">\n\t\t\t\t\t\t<div class=\"elementor-element elementor-element-3d5c41c elementor-widget elementor-widget-heading\" data-id=\"3d5c41c\" data-element_type=\"widget\" data-widget_type=\"heading.default\">\n\t\t\t\t<div class=\"elementor-widget-container\">\n\t\t\t<h1 class=\"elementor-heading-title elementor-size-default\">BOVINE<\/h1>\t\t<\/div>\n\t\t\t\t<\/div>\n\t\t\t\t<div class=\"elementor-element elementor-element-5b4ae9a elementor-widget elementor-widget-text-editor\" data-id=\"5b4ae9a\" data-element_type=\"widget\" data-widget_type=\"text-editor.default\">\n\t\t\t\t<div class=\"elementor-widget-container\">\n\t\t\t\t\t\t\t<p>Boyaux de b\u0153uf d&#8217;Am\u00e9rique du Sud.<\/p>\t\t\t\t\t\t<\/div>\n\t\t\t\t<\/div>\n\t\t\t\t<div class=\"elementor-element elementor-element-a6ca63a elementor-widget elementor-widget-text-editor\" data-id=\"a6ca63a\" data-element_type=\"widget\" data-widget_type=\"text-editor.default\">\n\t\t\t\t<div class=\"elementor-widget-container\">\n\t\t\t\t\t\t\t<p><span style=\"font-weight: 400;\">Boyaux de B\u0153uf<\/span>.<\/p><p>Jauges:<\/p>\t\t\t\t\t\t<\/div>\n\t\t\t\t<\/div>\n\t\t\t\t<div class=\"elementor-element elementor-element-cae05a4 elementor-widget elementor-widget-text-editor\" data-id=\"cae05a4\" data-element_type=\"widget\" data-widget_type=\"text-editor.default\">\n\t\t\t\t<div class=\"elementor-widget-container\">\n\t\t\t\t\t\t\t<ul style=\"list-style-type: disc;\"><li><p><span style=\"font-weight: 400;\">34\/36<\/span><\/p><\/li><li><p><span style=\"font-weight: 400;\">36\/38<\/span><\/p><\/li><li><p><span style=\"font-weight: 400;\">38\/40<\/span><\/p><\/li><li><p><span style=\"font-weight: 400;\">40\/43<\/span><\/p><\/li><li><p>43\/46<\/p><\/li><li><p>46\/+<\/p><\/li><li><p>46\/49<\/p><\/li><li><p>49\/+<\/p><\/li><\/ul>\t\t\t\t\t\t<\/div>\n\t\t\t\t<\/div>\n\t\t\t\t<div class=\"elementor-element elementor-element-5e4ad4d elementor-widget elementor-widget-text-editor\" data-id=\"5e4ad4d\" data-element_type=\"widget\" data-widget_type=\"text-editor.default\">\n\t\t\t\t<div class=\"elementor-widget-container\">\n\t\t\t\t\t\t\t<p><span style=\"font-weight: 400;\">Droit de B\u0153uf.<\/span><\/p><p>Jauges:<\/p>\t\t\t\t\t\t<\/div>\n\t\t\t\t<\/div>\n\t\t\t\t<div class=\"elementor-element elementor-element-90040de elementor-widget elementor-widget-text-editor\" data-id=\"90040de\" data-element_type=\"widget\" data-widget_type=\"text-editor.default\">\n\t\t\t\t<div class=\"elementor-widget-container\">\n\t\t\t\t\t\t\t<ul style=\"list-style-type: disc;\"><li><p><span style=\"font-weight: 400;\">45\/50<\/span><\/p><\/li><li><p><span style=\"font-weight: 400;\">50\/55<\/span><\/p><\/li><li><p><span style=\"font-weight: 400;\">55\/60<\/span><\/p><\/li><li><p><span style=\"font-weight: 400;\">60\/65<\/span><\/p><\/li><li><p><span style=\"font-weight: 400;\">65\/+<\/span><\/p><\/li><\/ul>\t\t\t\t\t\t<\/div>\n\t\t\t\t<\/div>\n\t\t\t\t<div class=\"elementor-element elementor-element-d398952 elementor-widget elementor-widget-text-editor\" data-id=\"d398952\" data-element_type=\"widget\" data-widget_type=\"text-editor.default\">\n\t\t\t\t<div class=\"elementor-widget-container\">\n\t\t\t\t\t\t\t<p><span style=\"font-weight: 400;\">Baudruche de B\u0153uf.<\/span><\/p><p>Jauges:<\/p>\t\t\t\t\t\t<\/div>\n\t\t\t\t<\/div>\n\t\t\t\t<div class=\"elementor-element elementor-element-9d102d6 elementor-widget elementor-widget-text-editor\" data-id=\"9d102d6\" data-element_type=\"widget\" data-widget_type=\"text-editor.default\">\n\t\t\t\t<div class=\"elementor-widget-container\">\n\t\t\t\t\t\t\t<ul style=\"list-style-type: disc;\"><li><p><span style=\"font-weight: 400;\">95\/115<\/span><\/p><\/li><li><p><span style=\"font-weight: 400;\">115\/130<\/span><\/p><\/li><li><p><span style=\"font-weight: 400;\">90\/100<\/span><\/p><\/li><li><p><span style=\"font-weight: 400;\">100\/110<\/span><\/p><\/li><li><p><span style=\"font-weight: 400;\">110\/120<\/span><\/p><\/li><li><p><span style=\"font-weight: 400;\">100\/120<\/span><\/p><\/li><li><p><span style=\"font-weight: 400;\">120\/130<\/span><\/p><\/li><li><p><span style=\"font-weight: 400;\">130\/+<\/span><\/p><\/li><\/ul>\t\t\t\t\t\t<\/div>\n\t\t\t\t<\/div>\n\t\t\t\t<div class=\"elementor-element elementor-element-5620e33 elementor-widget elementor-widget-heading\" data-id=\"5620e33\" data-element_type=\"widget\" data-widget_type=\"heading.default\">\n\t\t\t\t<div class=\"elementor-widget-container\">\n\t\t\t<h2 class=\"elementor-heading-title elementor-size-default\">GALERIE<\/h2>\t\t<\/div>\n\t\t\t\t<\/div>\n\t\t\t\t<div class=\"elementor-element elementor-element-d5d3af0 elementor-widget elementor-widget-image-gallery\" data-id=\"d5d3af0\" data-element_type=\"widget\" data-widget_type=\"image-gallery.default\">\n\t\t\t\t<div class=\"elementor-widget-container\">\n\t\t\t\t\t<div class=\"elementor-image-gallery\">\n\t\t\t<div id='gallery-1' class='gallery galleryid-14021 gallery-columns-3 gallery-size-medium_large'><figure class='gallery-item'>\n\t\t\t<div class='gallery-icon landscape'>\n\t\t\t\t<a data-elementor-open-lightbox=\"yes\" data-elementor-lightbox-slideshow=\"d5d3af0\" data-elementor-lightbox-title=\"vacuno\" data-e-action-hash=\"#elementor-action%3Aaction%3Dlightbox%26settings%3DeyJpZCI6MTQwMTEsInVybCI6Imh0dHBzOlwvXC9ldXJvdHJpcGFzLmVzXC93cC1jb250ZW50XC91cGxvYWRzXC8yMDIzXC8wNVwvdmFjdW5vLmpwZyIsInNsaWRlc2hvdyI6ImQ1ZDNhZjAifQ%3D%3D\" href='https:\/\/eurotripas.es\/wp-content\/uploads\/2023\/05\/vacuno.jpg'><img fetchpriority=\"high\" decoding=\"async\" width=\"768\" height=\"513\" src=\"https:\/\/eurotripas.es\/wp-content\/uploads\/2023\/05\/vacuno-768x513.jpg\" class=\"attachment-medium_large size-medium_large\" alt=\"\" srcset=\"https:\/\/eurotripas.es\/wp-content\/uploads\/2023\/05\/vacuno-768x513.jpg 768w, https:\/\/eurotripas.es\/wp-content\/uploads\/2023\/05\/vacuno-300x200.jpg 300w, https:\/\/eurotripas.es\/wp-content\/uploads\/2023\/05\/vacuno-1024x684.jpg 1024w, https:\/\/eurotripas.es\/wp-content\/uploads\/2023\/05\/vacuno.jpg 1444w\" sizes=\"(max-width: 768px) 100vw, 768px\" \/><\/a>\n\t\t\t<\/div><\/figure><figure class='gallery-item'>\n\t\t\t<div class='gallery-icon landscape'>\n\t\t\t\t<a data-elementor-open-lightbox=\"yes\" data-elementor-lightbox-slideshow=\"d5d3af0\" data-elementor-lightbox-title=\"ciegos\" data-e-action-hash=\"#elementor-action%3Aaction%3Dlightbox%26settings%3DeyJpZCI6MTQwMTUsInVybCI6Imh0dHBzOlwvXC9ldXJvdHJpcGFzLmVzXC93cC1jb250ZW50XC91cGxvYWRzXC8yMDIzXC8wNVwvY2llZ29zLmpwZyIsInNsaWRlc2hvdyI6ImQ1ZDNhZjAifQ%3D%3D\" href='https:\/\/eurotripas.es\/wp-content\/uploads\/2023\/05\/ciegos.jpg'><img decoding=\"async\" width=\"768\" height=\"513\" src=\"https:\/\/eurotripas.es\/wp-content\/uploads\/2023\/05\/ciegos-768x513.jpg\" class=\"attachment-medium_large size-medium_large\" alt=\"\" srcset=\"https:\/\/eurotripas.es\/wp-content\/uploads\/2023\/05\/ciegos-768x513.jpg 768w, https:\/\/eurotripas.es\/wp-content\/uploads\/2023\/05\/ciegos-300x200.jpg 300w, https:\/\/eurotripas.es\/wp-content\/uploads\/2023\/05\/ciegos-1024x684.jpg 1024w, https:\/\/eurotripas.es\/wp-content\/uploads\/2023\/05\/ciegos.jpg 1444w\" sizes=\"(max-width: 768px) 100vw, 768px\" \/><\/a>\n\t\t\t<\/div><\/figure><figure class='gallery-item'>\n\t\t\t<div class='gallery-icon landscape'>\n\t\t\t\t<a data-elementor-open-lightbox=\"yes\" data-elementor-lightbox-slideshow=\"d5d3af0\" data-elementor-lightbox-title=\"vacuno3\" data-e-action-hash=\"#elementor-action%3Aaction%3Dlightbox%26settings%3DeyJpZCI6MTQxNDEsInVybCI6Imh0dHBzOlwvXC9ldXJvdHJpcGFzLmVzXC93cC1jb250ZW50XC91cGxvYWRzXC8yMDIzXC8wNVwvdmFjdW5vMy5qcGciLCJzbGlkZXNob3ciOiJkNWQzYWYwIn0%3D\" href='https:\/\/eurotripas.es\/wp-content\/uploads\/2023\/05\/vacuno3.jpg'><img decoding=\"async\" width=\"768\" height=\"513\" src=\"https:\/\/eurotripas.es\/wp-content\/uploads\/2023\/05\/vacuno3-768x513.jpg\" class=\"attachment-medium_large size-medium_large\" alt=\"\" srcset=\"https:\/\/eurotripas.es\/wp-content\/uploads\/2023\/05\/vacuno3-768x513.jpg 768w, https:\/\/eurotripas.es\/wp-content\/uploads\/2023\/05\/vacuno3-300x200.jpg 300w, https:\/\/eurotripas.es\/wp-content\/uploads\/2023\/05\/vacuno3-1024x684.jpg 1024w, https:\/\/eurotripas.es\/wp-content\/uploads\/2023\/05\/vacuno3.jpg 1444w\" sizes=\"(max-width: 768px) 100vw, 768px\" \/><\/a>\n\t\t\t<\/div><\/figure>\n\t\t<\/div>\n\t\t<\/div>\n\t\t\t\t<\/div>\n\t\t\t\t<\/div>\n\t\t\t\t\t<\/div>\n\t\t<\/div>\n\t\t\t\t\t<\/div>\n\t\t<\/section>\n\t\t\t\t<\/div>\n\t\t","protected":false},"excerpt":{"rendered":"<p>BOVINE Boyaux de b\u0153uf d&#8217;Am\u00e9rique du Sud. Boyaux de B\u0153uf. Jauges: 34\/36 36\/38 38\/40 40\/43 43\/46 46\/+ 46\/49 49\/+ Droit de B\u0153uf. Jauges: 45\/50 50\/55 55\/60 60\/65 65\/+ Baudruche de B\u0153uf. Jauges: 95\/115 115\/130 90\/100 100\/110 110\/120 100\/120 120\/130 130\/+ GALERIE<\/p>\n","protected":false},"author":1,"featured_media":0,"parent":0,"menu_order":0,"comment_status":"closed","ping_status":"closed","template":"template-home.php","meta":{"footnotes":""},"class_list":["post-14021","page","type-page","status-publish","hentry"],"yoast_head":"<!-- This site is optimized with the Yoast SEO plugin v23.7 - https:\/\/yoast.com\/wordpress\/plugins\/seo\/ -->\n<title>Bovine - Eurotripas<\/title>\n<meta name=\"robots\" content=\"index, follow, max-snippet:-1, max-image-preview:large, max-video-preview:-1\" \/>\n<link rel=\"canonical\" href=\"https:\/\/eurotripas.es\/fr\/bovine\/\" \/>\n<meta property=\"og:locale\" content=\"fr_FR\" \/>\n<meta property=\"og:type\" content=\"article\" \/>\n<meta property=\"og:title\" content=\"Bovine - Eurotripas\" \/>\n<meta property=\"og:description\" content=\"BOVINE Boyaux de b\u0153uf d&#8217;Am\u00e9rique du Sud. Boyaux de B\u0153uf. Jauges: 34\/36 36\/38 38\/40 40\/43 43\/46 46\/+ 46\/49 49\/+ Droit de B\u0153uf. Jauges: 45\/50 50\/55 55\/60 60\/65 65\/+ Baudruche de B\u0153uf. Jauges: 95\/115 115\/130 90\/100 100\/110 110\/120 100\/120 120\/130 130\/+ GALERIE\" \/>\n<meta property=\"og:url\" content=\"https:\/\/eurotripas.es\/fr\/bovine\/\" \/>\n<meta property=\"og:site_name\" content=\"Eurotripas\" \/>\n<meta property=\"article:modified_time\" content=\"2023-11-27T17:06:13+00:00\" \/>\n<meta property=\"og:image\" content=\"https:\/\/eurotripas.es\/wp-content\/uploads\/2023\/05\/vacuno-768x513.jpg\" \/>\n<meta name=\"twitter:card\" content=\"summary_large_image\" \/>\n<meta name=\"twitter:label1\" content=\"Dur\u00e9e de lecture estim\u00e9e\" \/>\n\t<meta name=\"twitter:data1\" content=\"1 minute\" \/>\n<script type=\"application\/ld+json\" class=\"yoast-schema-graph\">{\"@context\":\"https:\/\/schema.org\",\"@graph\":[{\"@type\":\"WebPage\",\"@id\":\"https:\/\/eurotripas.es\/fr\/bovine\/\",\"url\":\"https:\/\/eurotripas.es\/fr\/bovine\/\",\"name\":\"Bovine - Eurotripas\",\"isPartOf\":{\"@id\":\"https:\/\/eurotripas.es\/es\/#website\"},\"primaryImageOfPage\":{\"@id\":\"https:\/\/eurotripas.es\/fr\/bovine\/#primaryimage\"},\"image\":{\"@id\":\"https:\/\/eurotripas.es\/fr\/bovine\/#primaryimage\"},\"thumbnailUrl\":\"https:\/\/eurotripas.es\/wp-content\/uploads\/2023\/05\/vacuno-768x513.jpg\",\"datePublished\":\"2023-05-04T09:39:03+00:00\",\"dateModified\":\"2023-11-27T17:06:13+00:00\",\"breadcrumb\":{\"@id\":\"https:\/\/eurotripas.es\/fr\/bovine\/#breadcrumb\"},\"inLanguage\":\"fr-FR\",\"potentialAction\":[{\"@type\":\"ReadAction\",\"target\":[\"https:\/\/eurotripas.es\/fr\/bovine\/\"]}]},{\"@type\":\"ImageObject\",\"inLanguage\":\"fr-FR\",\"@id\":\"https:\/\/eurotripas.es\/fr\/bovine\/#primaryimage\",\"url\":\"https:\/\/eurotripas.es\/wp-content\/uploads\/2023\/05\/vacuno-768x513.jpg\",\"contentUrl\":\"https:\/\/eurotripas.es\/wp-content\/uploads\/2023\/05\/vacuno-768x513.jpg\"},{\"@type\":\"BreadcrumbList\",\"@id\":\"https:\/\/eurotripas.es\/fr\/bovine\/#breadcrumb\",\"itemListElement\":[{\"@type\":\"ListItem\",\"position\":1,\"name\":\"Portada\",\"item\":\"https:\/\/eurotripas.es\/fr\/\"},{\"@type\":\"ListItem\",\"position\":2,\"name\":\"Bovine\"}]},{\"@type\":\"WebSite\",\"@id\":\"https:\/\/eurotripas.es\/es\/#website\",\"url\":\"https:\/\/eurotripas.es\/es\/\",\"name\":\"Eurotripas\",\"description\":\"Calidad y experiencia\",\"publisher\":{\"@id\":\"https:\/\/eurotripas.es\/es\/#organization\"},\"potentialAction\":[{\"@type\":\"SearchAction\",\"target\":{\"@type\":\"EntryPoint\",\"urlTemplate\":\"https:\/\/eurotripas.es\/es\/?s={search_term_string}\"},\"query-input\":{\"@type\":\"PropertyValueSpecification\",\"valueRequired\":true,\"valueName\":\"search_term_string\"}}],\"inLanguage\":\"fr-FR\"},{\"@type\":\"Organization\",\"@id\":\"https:\/\/eurotripas.es\/es\/#organization\",\"name\":\"Eurotripas\",\"url\":\"https:\/\/eurotripas.es\/es\/\",\"logo\":{\"@type\":\"ImageObject\",\"inLanguage\":\"fr-FR\",\"@id\":\"https:\/\/eurotripas.es\/es\/#\/schema\/logo\/image\/\",\"url\":\"https:\/\/eurotripas.es\/wp-content\/uploads\/2023\/02\/LOGO-Eurotripas-png.png\",\"contentUrl\":\"https:\/\/eurotripas.es\/wp-content\/uploads\/2023\/02\/LOGO-Eurotripas-png.png\",\"width\":540,\"height\":266,\"caption\":\"Eurotripas\"},\"image\":{\"@id\":\"https:\/\/eurotripas.es\/es\/#\/schema\/logo\/image\/\"}}]}<\/script>\n<!-- \/ Yoast SEO plugin. -->","yoast_head_json":{"title":"Bovine - Eurotripas","robots":{"index":"index","follow":"follow","max-snippet":"max-snippet:-1","max-image-preview":"max-image-preview:large","max-video-preview":"max-video-preview:-1"},"canonical":"https:\/\/eurotripas.es\/fr\/bovine\/","og_locale":"fr_FR","og_type":"article","og_title":"Bovine - Eurotripas","og_description":"BOVINE Boyaux de b\u0153uf d&#8217;Am\u00e9rique du Sud. Boyaux de B\u0153uf. Jauges: 34\/36 36\/38 38\/40 40\/43 43\/46 46\/+ 46\/49 49\/+ Droit de B\u0153uf. Jauges: 45\/50 50\/55 55\/60 60\/65 65\/+ Baudruche de B\u0153uf. Jauges: 95\/115 115\/130 90\/100 100\/110 110\/120 100\/120 120\/130 130\/+ GALERIE","og_url":"https:\/\/eurotripas.es\/fr\/bovine\/","og_site_name":"Eurotripas","article_modified_time":"2023-11-27T17:06:13+00:00","og_image":[{"url":"https:\/\/eurotripas.es\/wp-content\/uploads\/2023\/05\/vacuno-768x513.jpg"}],"twitter_card":"summary_large_image","twitter_misc":{"Dur\u00e9e de lecture estim\u00e9e":"1 minute"},"schema":{"@context":"https:\/\/schema.org","@graph":[{"@type":"WebPage","@id":"https:\/\/eurotripas.es\/fr\/bovine\/","url":"https:\/\/eurotripas.es\/fr\/bovine\/","name":"Bovine - Eurotripas","isPartOf":{"@id":"https:\/\/eurotripas.es\/es\/#website"},"primaryImageOfPage":{"@id":"https:\/\/eurotripas.es\/fr\/bovine\/#primaryimage"},"image":{"@id":"https:\/\/eurotripas.es\/fr\/bovine\/#primaryimage"},"thumbnailUrl":"https:\/\/eurotripas.es\/wp-content\/uploads\/2023\/05\/vacuno-768x513.jpg","datePublished":"2023-05-04T09:39:03+00:00","dateModified":"2023-11-27T17:06:13+00:00","breadcrumb":{"@id":"https:\/\/eurotripas.es\/fr\/bovine\/#breadcrumb"},"inLanguage":"fr-FR","potentialAction":[{"@type":"ReadAction","target":["https:\/\/eurotripas.es\/fr\/bovine\/"]}]},{"@type":"ImageObject","inLanguage":"fr-FR","@id":"https:\/\/eurotripas.es\/fr\/bovine\/#primaryimage","url":"https:\/\/eurotripas.es\/wp-content\/uploads\/2023\/05\/vacuno-768x513.jpg","contentUrl":"https:\/\/eurotripas.es\/wp-content\/uploads\/2023\/05\/vacuno-768x513.jpg"},{"@type":"BreadcrumbList","@id":"https:\/\/eurotripas.es\/fr\/bovine\/#breadcrumb","itemListElement":[{"@type":"ListItem","position":1,"name":"Portada","item":"https:\/\/eurotripas.es\/fr\/"},{"@type":"ListItem","position":2,"name":"Bovine"}]},{"@type":"WebSite","@id":"https:\/\/eurotripas.es\/es\/#website","url":"https:\/\/eurotripas.es\/es\/","name":"Eurotripas","description":"Calidad y experiencia","publisher":{"@id":"https:\/\/eurotripas.es\/es\/#organization"},"potentialAction":[{"@type":"SearchAction","target":{"@type":"EntryPoint","urlTemplate":"https:\/\/eurotripas.es\/es\/?s={search_term_string}"},"query-input":{"@type":"PropertyValueSpecification","valueRequired":true,"valueName":"search_term_string"}}],"inLanguage":"fr-FR"},{"@type":"Organization","@id":"https:\/\/eurotripas.es\/es\/#organization","name":"Eurotripas","url":"https:\/\/eurotripas.es\/es\/","logo":{"@type":"ImageObject","inLanguage":"fr-FR","@id":"https:\/\/eurotripas.es\/es\/#\/schema\/logo\/image\/","url":"https:\/\/eurotripas.es\/wp-content\/uploads\/2023\/02\/LOGO-Eurotripas-png.png","contentUrl":"https:\/\/eurotripas.es\/wp-content\/uploads\/2023\/02\/LOGO-Eurotripas-png.png","width":540,"height":266,"caption":"Eurotripas"},"image":{"@id":"https:\/\/eurotripas.es\/es\/#\/schema\/logo\/image\/"}}]}},"_links":{"self":[{"href":"https:\/\/eurotripas.es\/fr\/wp-json\/wp\/v2\/pages\/14021","targetHints":{"allow":["GET"]}}],"collection":[{"href":"https:\/\/eurotripas.es\/fr\/wp-json\/wp\/v2\/pages"}],"about":[{"href":"https:\/\/eurotripas.es\/fr\/wp-json\/wp\/v2\/types\/page"}],"author":[{"embeddable":true,"href":"https:\/\/eurotripas.es\/fr\/wp-json\/wp\/v2\/users\/1"}],"replies":[{"embeddable":true,"href":"https:\/\/eurotripas.es\/fr\/wp-json\/wp\/v2\/comments?post=14021"}],"version-history":[{"count":20,"href":"https:\/\/eurotripas.es\/fr\/wp-json\/wp\/v2\/pages\/14021\/revisions"}],"predecessor-version":[{"id":14306,"href":"https:\/\/eurotripas.es\/fr\/wp-json\/wp\/v2\/pages\/14021\/revisions\/14306"}],"wp:attachment":[{"href":"https:\/\/eurotripas.es\/fr\/wp-json\/wp\/v2\/media?parent=14021"}],"curies":[{"name":"wp","href":"https:\/\/api.w.org\/{rel}","templated":true}]}}